{"id":38,"date":"2025-07-07T13:37:27","date_gmt":"2025-07-07T13:37:27","guid":{"rendered":"http:\/\/localhost\/vaptech\/?page_id=38"},"modified":"2025-07-29T14:40:24","modified_gmt":"2025-07-29T14:40:24","slug":"our-people","status":"publish","type":"page","link":"https:\/\/vaptech.bg\/de\/our-people\/","title":{"rendered":"Unser Personal"},"content":{"rendered":"<div class=\"acf-navigation-menu-block\"><nav class=\"acf-navigation-container\"><ul id=\"menu-about\" class=\"acf-navigation\"><li id=\"menu-item-149\" class=\"menu-item menu-item-type-post_type menu-item-object-page menu-item-149\"><a href=\"https:\/\/vaptech.bg\/de\/about-us\/\">\u00dcber uns<\/a><\/li>\n<li id=\"menu-item-318\" class=\"menu-item menu-item-type-post_type menu-item-object-page menu-item-318\"><a href=\"https:\/\/vaptech.bg\/de\/history\/\">Geschichte<\/a><\/li>\n<li id=\"menu-item-317\" class=\"menu-item menu-item-type-post_type menu-item-object-page menu-item-317\"><a href=\"https:\/\/vaptech.bg\/de\/our-people\/\">Unser Personal<\/a><\/li>\n<li id=\"menu-item-319\" class=\"menu-item menu-item-type-post_type menu-item-object-page menu-item-319\"><a href=\"https:\/\/vaptech.bg\/de\/facility\/\">Einrichtung<\/a><\/li>\n<li id=\"menu-item-316\" class=\"menu-item menu-item-type-post_type menu-item-object-page menu-item-316\"><a href=\"https:\/\/vaptech.bg\/de\/sustainability\/\">Nachhaltigkeit<\/a><\/li>\n<li id=\"menu-item-320\" class=\"menu-item menu-item-type-post_type menu-item-object-page menu-item-320\"><a href=\"https:\/\/vaptech.bg\/de\/quality-standards\/\">Qualit\u00e4tsstandards<\/a><\/li>\n<\/ul><\/nav>    <div class=\"acf-navigation-menu-block__separator\"><\/div>\n    <\/div>\n\n\n<div class=\"wp-block-columns section-left-offset is-layout-flex wp-container-core-columns-is-layout-9d6595d7 wp-block-columns-is-layout-flex\">\n<div class=\"wp-block-column is-layout-flow wp-block-column-is-layout-flow\">\n<h2 class=\"wp-block-heading\">Unser Team<\/h2>\n\n\n\n<h3 class=\"wp-block-heading\">F\u00fchren mit Exzellenz!<\/h3>\n\n\n\n<p class=\"has-medium-font-size\">Das Team von VAPTECH besteht aus hochspezialisierten Ingenieuren, qualifizierten Technikern und engagierten Fachleuten, die eine Leidenschaft f\u00fcr Innovation, Qualit\u00e4t und Wirkung teilen. Ihr Fachwissen ist die Grundlage f\u00fcr unseren Erfolg bei der Bereitstellung von Wasserkraft- und Metallumformungsl\u00f6sungen von Weltklasse.<\/p>\n\n\n\n<p class=\"has-medium-font-size\"><br>Wenn Sie Lust haben, mit talentierten K\u00f6pfen zusammenzuarbeiten und die Zukunft der nachhaltigen Industrie mitzugestalten, dann erkunden Sie die M\u00f6glichkeiten auf unserer&nbsp;<a href=\"https:\/\/vaptech.bg\/de\/careers\/\" data-type=\"page\" data-id=\"334\">Karriereseite<\/a>.<\/p>\n<\/div>\n\n\n\n<div class=\"wp-block-column is-layout-flow wp-block-column-is-layout-flow\">\n<div class=\"section-slider section-team-slider\">\n    <div class=\"swiper team-swiper\">\n        <div class=\"swiper-wrapper\">\n\n                            <div class=\"swiper-slide\">\n                    <img decoding=\"async\"\n                            src=\"https:\/\/vaptech.bg\/wp-content\/uploads\/2025\/08\/Screenshot-2025-08-04-at-16.55.37-1024x763.jpeg\"\n                            alt=\"Our people 4\"\n                    >\n\n\n                <\/div>\n                            <div class=\"swiper-slide\">\n                    <img decoding=\"async\"\n                            src=\"https:\/\/vaptech.bg\/wp-content\/uploads\/2025\/08\/View-recent-photos-11-1024x954.jpeg\"\n                            alt=\"Our people 3\"\n                    >\n\n\n                <\/div>\n                            <div class=\"swiper-slide\">\n                    <img decoding=\"async\"\n                            src=\"https:\/\/vaptech.bg\/wp-content\/uploads\/2025\/08\/Screenshot-2025-08-04-at-16.48.04-977x1024.jpeg\"\n                            alt=\"Our people 2\"\n                    >\n\n\n                <\/div>\n                            <div class=\"swiper-slide\">\n                    <img decoding=\"async\"\n                            src=\"https:\/\/vaptech.bg\/wp-content\/uploads\/2025\/08\/View-recent-photos-10-1024x758.jpeg\"\n                            alt=\"OUr people 1\"\n                    >\n\n\n                <\/div>\n            \n        <\/div><!-- .swiper-wrapper -->\n\n        <button class=\"swiper-button-prev\"><\/button>\n        <button class=\"swiper-button-next\"><\/button>\n    <\/div><!-- .swiper -->\n<\/div><!-- .section-slider -->\n<\/div>\n<\/div>","protected":false},"excerpt":{"rendered":"<p>Our Team Leading with excellence! VAPTECH\u2019s team is comprised of highly specialized engineers, skilled technicians, and dedicated professionals who share a passion for innovation, quality, and impact. Their expertise drives our success in delivering world-class hydropower and metal forming solutions. If you\u2019re inspired to work alongside talented minds and shape the future of sustainable industry, [&hellip;]<\/p>","protected":false},"author":1,"featured_media":0,"parent":0,"menu_order":0,"comment_status":"closed","ping_status":"closed","template":"","meta":{"_acf_changed":false,"inline_featured_image":false,"footnotes":""},"class_list":["post-38","page","type-page","status-publish","hentry"],"acf":[],"yoast_head":"<!-- This site is optimized with the Yoast SEO plugin v25.8 - https:\/\/yoast.com\/wordpress\/plugins\/seo\/ -->\n<title>Our People - Vaptech<\/title>\n<meta name=\"robots\" content=\"index, follow, max-snippet:-1, max-image-preview:large, max-video-preview:-1\" \/>\n<link rel=\"canonical\" href=\"https:\/\/vaptech.blueberry.bg\/our-people\/\" \/>\n<meta property=\"og:locale\" content=\"de_DE\" \/>\n<meta property=\"og:type\" content=\"article\" \/>\n<meta property=\"og:title\" content=\"Our People - Vaptech\" \/>\n<meta property=\"og:description\" content=\"Our Team Leading with excellence! VAPTECH\u2019s team is comprised of highly specialized engineers, skilled technicians, and dedicated professionals who share a passion for innovation, quality, and impact. Their expertise drives our success in delivering world-class hydropower and metal forming solutions. If you\u2019re inspired to work alongside talented minds and shape the future of sustainable industry, [&hellip;]\" \/>\n<meta property=\"og:url\" content=\"https:\/\/vaptech.blueberry.bg\/our-people\/\" \/>\n<meta property=\"og:site_name\" content=\"Vaptech\" \/>\n<meta property=\"article:modified_time\" content=\"2025-07-29T14:40:24+00:00\" \/>\n<meta name=\"twitter:card\" content=\"summary_large_image\" \/>\n<script type=\"application\/ld+json\" class=\"yoast-schema-graph\">{\"@context\":\"https:\/\/schema.org\",\"@graph\":[{\"@type\":\"WebPage\",\"@id\":\"https:\/\/vaptech.blueberry.bg\/our-people\/\",\"url\":\"https:\/\/vaptech.blueberry.bg\/our-people\/\",\"name\":\"Our People - Vaptech\",\"isPartOf\":{\"@id\":\"https:\/\/vaptech.bg\/#website\"},\"datePublished\":\"2025-07-07T13:37:27+00:00\",\"dateModified\":\"2025-07-29T14:40:24+00:00\",\"breadcrumb\":{\"@id\":\"https:\/\/vaptech.blueberry.bg\/our-people\/#breadcrumb\"},\"inLanguage\":\"de-DE\",\"potentialAction\":[{\"@type\":\"ReadAction\",\"target\":[\"https:\/\/vaptech.blueberry.bg\/our-people\/\"]}]},{\"@type\":\"BreadcrumbList\",\"@id\":\"https:\/\/vaptech.blueberry.bg\/our-people\/#breadcrumb\",\"itemListElement\":[{\"@type\":\"ListItem\",\"position\":1,\"name\":\"Home\",\"item\":\"https:\/\/vaptech.bg\/\"},{\"@type\":\"ListItem\",\"position\":2,\"name\":\"Our People\"}]},{\"@type\":\"WebSite\",\"@id\":\"https:\/\/vaptech.bg\/#website\",\"url\":\"https:\/\/vaptech.bg\/\",\"name\":\"Vaptech\",\"description\":\"VAPTECH is a manufacturer &amp; global supplier of highest quality innovative products, services &amp; solutions in the Hydropower, Metal Forming &amp; Biomass industries\",\"potentialAction\":[{\"@type\":\"SearchAction\",\"target\":{\"@type\":\"EntryPoint\",\"urlTemplate\":\"https:\/\/vaptech.bg\/?s={search_term_string}\"},\"query-input\":{\"@type\":\"PropertyValueSpecification\",\"valueRequired\":true,\"valueName\":\"search_term_string\"}}],\"inLanguage\":\"de-DE\"}]}<\/script>\n<!-- \/ Yoast SEO plugin. -->","yoast_head_json":{"title":"Our People - Vaptech","robots":{"index":"index","follow":"follow","max-snippet":"max-snippet:-1","max-image-preview":"max-image-preview:large","max-video-preview":"max-video-preview:-1"},"canonical":"https:\/\/vaptech.blueberry.bg\/our-people\/","og_locale":"de_DE","og_type":"article","og_title":"Our People - Vaptech","og_description":"Our Team Leading with excellence! VAPTECH\u2019s team is comprised of highly specialized engineers, skilled technicians, and dedicated professionals who share a passion for innovation, quality, and impact. Their expertise drives our success in delivering world-class hydropower and metal forming solutions. If you\u2019re inspired to work alongside talented minds and shape the future of sustainable industry, [&hellip;]","og_url":"https:\/\/vaptech.blueberry.bg\/our-people\/","og_site_name":"Vaptech","article_modified_time":"2025-07-29T14:40:24+00:00","twitter_card":"summary_large_image","schema":{"@context":"https:\/\/schema.org","@graph":[{"@type":"WebPage","@id":"https:\/\/vaptech.blueberry.bg\/our-people\/","url":"https:\/\/vaptech.blueberry.bg\/our-people\/","name":"Our People - Vaptech","isPartOf":{"@id":"https:\/\/vaptech.bg\/#website"},"datePublished":"2025-07-07T13:37:27+00:00","dateModified":"2025-07-29T14:40:24+00:00","breadcrumb":{"@id":"https:\/\/vaptech.blueberry.bg\/our-people\/#breadcrumb"},"inLanguage":"de-DE","potentialAction":[{"@type":"ReadAction","target":["https:\/\/vaptech.blueberry.bg\/our-people\/"]}]},{"@type":"BreadcrumbList","@id":"https:\/\/vaptech.blueberry.bg\/our-people\/#breadcrumb","itemListElement":[{"@type":"ListItem","position":1,"name":"Home","item":"https:\/\/vaptech.bg\/"},{"@type":"ListItem","position":2,"name":"Our People"}]},{"@type":"WebSite","@id":"https:\/\/vaptech.bg\/#website","url":"https:\/\/vaptech.bg\/","name":"Vaptech","description":"VAPTECH is a manufacturer &amp; global supplier of highest quality innovative products, services &amp; solutions in the Hydropower, Metal Forming &amp; Biomass industries","potentialAction":[{"@type":"SearchAction","target":{"@type":"EntryPoint","urlTemplate":"https:\/\/vaptech.bg\/?s={search_term_string}"},"query-input":{"@type":"PropertyValueSpecification","valueRequired":true,"valueName":"search_term_string"}}],"inLanguage":"de-DE"}]}},"_links":{"self":[{"href":"https:\/\/vaptech.bg\/de\/wp-json\/wp\/v2\/pages\/38","targetHints":{"allow":["GET"]}}],"collection":[{"href":"https:\/\/vaptech.bg\/de\/wp-json\/wp\/v2\/pages"}],"about":[{"href":"https:\/\/vaptech.bg\/de\/wp-json\/wp\/v2\/types\/page"}],"author":[{"embeddable":true,"href":"https:\/\/vaptech.bg\/de\/wp-json\/wp\/v2\/users\/1"}],"replies":[{"embeddable":true,"href":"https:\/\/vaptech.bg\/de\/wp-json\/wp\/v2\/comments?post=38"}],"version-history":[{"count":17,"href":"https:\/\/vaptech.bg\/de\/wp-json\/wp\/v2\/pages\/38\/revisions"}],"predecessor-version":[{"id":503,"href":"https:\/\/vaptech.bg\/de\/wp-json\/wp\/v2\/pages\/38\/revisions\/503"}],"wp:attachment":[{"href":"https:\/\/vaptech.bg\/de\/wp-json\/wp\/v2\/media?parent=38"}],"curies":[{"name":"wp","href":"https:\/\/api.w.org\/{rel}","templated":true}]}}