{"id":40,"date":"2025-07-07T13:37:20","date_gmt":"2025-07-07T13:37:20","guid":{"rendered":"http:\/\/localhost\/vaptech\/?page_id=40"},"modified":"2025-07-29T08:15:14","modified_gmt":"2025-07-29T08:15:14","slug":"facility","status":"publish","type":"page","link":"https:\/\/vaptech.bg\/de\/facility\/","title":{"rendered":"Einrichtung"},"content":{"rendered":"<div class=\"acf-navigation-menu-block\"><nav class=\"acf-navigation-container\"><ul id=\"menu-about\" class=\"acf-navigation\"><li id=\"menu-item-149\" class=\"menu-item menu-item-type-post_type menu-item-object-page menu-item-149\"><a href=\"https:\/\/vaptech.bg\/de\/about-us\/\">\u00dcber uns<\/a><\/li>\n<li id=\"menu-item-318\" class=\"menu-item menu-item-type-post_type menu-item-object-page menu-item-318\"><a href=\"https:\/\/vaptech.bg\/de\/history\/\">Geschichte<\/a><\/li>\n<li id=\"menu-item-317\" class=\"menu-item menu-item-type-post_type menu-item-object-page menu-item-317\"><a href=\"https:\/\/vaptech.bg\/de\/our-people\/\">Unser Personal<\/a><\/li>\n<li id=\"menu-item-319\" class=\"menu-item menu-item-type-post_type menu-item-object-page menu-item-319\"><a href=\"https:\/\/vaptech.bg\/de\/facility\/\">Einrichtung<\/a><\/li>\n<li id=\"menu-item-316\" class=\"menu-item menu-item-type-post_type menu-item-object-page menu-item-316\"><a href=\"https:\/\/vaptech.bg\/de\/sustainability\/\">Nachhaltigkeit<\/a><\/li>\n<li id=\"menu-item-320\" class=\"menu-item menu-item-type-post_type menu-item-object-page menu-item-320\"><a href=\"https:\/\/vaptech.bg\/de\/quality-standards\/\">Qualit\u00e4tsstandards<\/a><\/li>\n<\/ul><\/nav>    <div class=\"acf-navigation-menu-block__separator\"><\/div>\n    <\/div>\n\n<div class=\"image-text-facilities\">\n\n    <div class=\"image-text-facilities__side  radius-lg\">\n\n        <!-- Swiper container for your two images -->\n                    <div class=\"image-text-facilities__swiper hide-sm-up\">\n                <div class=\"swiper\">\n                    <div class=\"swiper-wrapper\">\n                                                    <div class=\"swiper-slide\">\n                                <div\n                                        class=\"image-text-facilities__img\"\n                                        style=\"background-image:url('https:\/\/vaptech.bg\/wp-content\/uploads\/2025\/07\/factory.png')\">\n                                <\/div>\n                            <\/div>\n                        \n                                                    <div class=\"swiper-slide\">\n                                <div\n                                        class=\"image-text-facilities__img\"\n                                        style=\"background-image:url('https:\/\/vaptech.bg\/wp-content\/uploads\/2025\/07\/View-recent-photos-8-e1753631174346.jpeg')\">\n                                <\/div>\n                            <\/div>\n                                            <\/div><!-- .swiper-wrapper -->\n                    <button class=\"swiper-button-prev\"><\/button><button class=\"swiper-button-next\"><\/button>                <\/div><!-- .swiper -->\n            <\/div><!-- .image-text-facilities__swiper -->\n            <div class=\"image-text-facilities__images hide-sm-only row--tight  row\">\n                                <div class=\"col-6\">\n                        <img decoding=\"async\"\n\n                                src=\"https:\/\/vaptech.bg\/wp-content\/uploads\/2025\/07\/factory.png\"\/>\n                <\/div>\n                \n                                <div class=\"col-6\">\n                        <img decoding=\"async\"\n\n                                src=\"https:\/\/vaptech.bg\/wp-content\/uploads\/2025\/07\/View-recent-photos-8-e1753631174346.jpeg'\" \/>\n                <\/div>\n                            <\/div>\n        \n\n    <\/div><!-- .image-text-facilities__side -->\n\n  <div class=\"image-text-facilities__text row\" style=\"\">\n      <div class=\"col-12 col-sm-6 image-text-facilities__text-left-col\">\n        \n\n<h2 class=\"wp-block-heading\">Herstellung von L\u00f6sungen f\u00fcr Wasserkraft und Metallumformung unter einem Dach<\/h2>\n\n\n\n<p class=\"mt-xl has-medium-font-size\">Die hochmoderne Produktionsst\u00e4tte von VAPTECH liegt strategisch g\u00fcnstig in Pleven, Bulgarien, und wird von unserer Tochtergesellschaft betrieben, <a href=\"http:\/\/www.patbg.com\" data-type=\"link\" data-id=\"www.patbg.com\">PAT BG<\/a>. Auf einer Produktionsfl\u00e4che von 40.000 Quadratmetern verf\u00fcgt unser Werk \u00fcber fortschrittliche, hochpr\u00e4zise Maschinen, die h\u00f6chste Qualit\u00e4t f\u00fcr jede Wasserkraft- und Metallumformungsl\u00f6sung gew\u00e4hrleisten - alles nahtlos unter einem Dach produziert.<\/p>\n\n\n      <\/div>\n      <div class=\"col-sm-6  col-12 image-text-facilities__text-right-col d-flex justify-content-end align-items-start\">\n          <!-- Facility Details repeater -->\n                        <div class=\"image-text-facilities__details\">\n                  <div class=\"image-text-facilities__details-title\">\n                      <h4>Facility Details<\/h4>\n                  <\/div>\n                                        <div class=\"facility-row d-flex justify-between\">\n                          <span class=\"facility-label\">Produktionsraum<\/span>\n                          <span class=\"facility-value font-500\">40.000 Quadratmeter<\/span>\n                      <\/div>\n                                        <div class=\"facility-row d-flex justify-between\">\n                          <span class=\"facility-label\">H\u00f6he der Decke<\/span>\n                          <span class=\"facility-value font-500\">30 Meter<\/span>\n                      <\/div>\n                                        <div class=\"facility-row d-flex justify-between\">\n                          <span class=\"facility-label\">Maximale Belastung<\/span>\n                          <span class=\"facility-value font-500\">200t<\/span>\n                      <\/div>\n                                <\/div>\n                <\/div>\n  <\/div>\n\n\n\n<\/div><!-- .image-text-facilities -->","protected":false},"excerpt":{"rendered":"","protected":false},"author":1,"featured_media":0,"parent":0,"menu_order":0,"comment_status":"closed","ping_status":"closed","template":"","meta":{"_acf_changed":false,"inline_featured_image":false,"footnotes":""},"class_list":["post-40","page","type-page","status-publish","hentry"],"acf":[],"yoast_head":"<!-- This site is optimized with the Yoast SEO plugin v25.8 - https:\/\/yoast.com\/wordpress\/plugins\/seo\/ -->\n<title>Facility - Vaptech<\/title>\n<meta name=\"robots\" content=\"index, follow, max-snippet:-1, max-image-preview:large, max-video-preview:-1\" \/>\n<link rel=\"canonical\" href=\"https:\/\/vaptech.blueberry.bg\/facility\/\" \/>\n<meta property=\"og:locale\" content=\"de_DE\" \/>\n<meta property=\"og:type\" content=\"article\" \/>\n<meta property=\"og:title\" content=\"Facility - Vaptech\" \/>\n<meta property=\"og:url\" content=\"https:\/\/vaptech.blueberry.bg\/facility\/\" \/>\n<meta property=\"og:site_name\" content=\"Vaptech\" \/>\n<meta property=\"article:modified_time\" content=\"2025-07-29T08:15:14+00:00\" \/>\n<meta name=\"twitter:card\" content=\"summary_large_image\" \/>\n<script type=\"application\/ld+json\" class=\"yoast-schema-graph\">{\"@context\":\"https:\/\/schema.org\",\"@graph\":[{\"@type\":\"WebPage\",\"@id\":\"https:\/\/vaptech.blueberry.bg\/facility\/\",\"url\":\"https:\/\/vaptech.blueberry.bg\/facility\/\",\"name\":\"Facility - Vaptech\",\"isPartOf\":{\"@id\":\"https:\/\/vaptech.bg\/#website\"},\"datePublished\":\"2025-07-07T13:37:20+00:00\",\"dateModified\":\"2025-07-29T08:15:14+00:00\",\"breadcrumb\":{\"@id\":\"https:\/\/vaptech.blueberry.bg\/facility\/#breadcrumb\"},\"inLanguage\":\"de-DE\",\"potentialAction\":[{\"@type\":\"ReadAction\",\"target\":[\"https:\/\/vaptech.blueberry.bg\/facility\/\"]}]},{\"@type\":\"BreadcrumbList\",\"@id\":\"https:\/\/vaptech.blueberry.bg\/facility\/#breadcrumb\",\"itemListElement\":[{\"@type\":\"ListItem\",\"position\":1,\"name\":\"Home\",\"item\":\"https:\/\/vaptech.bg\/\"},{\"@type\":\"ListItem\",\"position\":2,\"name\":\"Facility\"}]},{\"@type\":\"WebSite\",\"@id\":\"https:\/\/vaptech.bg\/#website\",\"url\":\"https:\/\/vaptech.bg\/\",\"name\":\"Vaptech\",\"description\":\"VAPTECH is a manufacturer &amp; global supplier of highest quality innovative products, services &amp; solutions in the Hydropower, Metal Forming &amp; Biomass industries\",\"potentialAction\":[{\"@type\":\"SearchAction\",\"target\":{\"@type\":\"EntryPoint\",\"urlTemplate\":\"https:\/\/vaptech.bg\/?s={search_term_string}\"},\"query-input\":{\"@type\":\"PropertyValueSpecification\",\"valueRequired\":true,\"valueName\":\"search_term_string\"}}],\"inLanguage\":\"de-DE\"}]}<\/script>\n<!-- \/ Yoast SEO plugin. -->","yoast_head_json":{"title":"Facility - Vaptech","robots":{"index":"index","follow":"follow","max-snippet":"max-snippet:-1","max-image-preview":"max-image-preview:large","max-video-preview":"max-video-preview:-1"},"canonical":"https:\/\/vaptech.blueberry.bg\/facility\/","og_locale":"de_DE","og_type":"article","og_title":"Facility - Vaptech","og_url":"https:\/\/vaptech.blueberry.bg\/facility\/","og_site_name":"Vaptech","article_modified_time":"2025-07-29T08:15:14+00:00","twitter_card":"summary_large_image","schema":{"@context":"https:\/\/schema.org","@graph":[{"@type":"WebPage","@id":"https:\/\/vaptech.blueberry.bg\/facility\/","url":"https:\/\/vaptech.blueberry.bg\/facility\/","name":"Facility - Vaptech","isPartOf":{"@id":"https:\/\/vaptech.bg\/#website"},"datePublished":"2025-07-07T13:37:20+00:00","dateModified":"2025-07-29T08:15:14+00:00","breadcrumb":{"@id":"https:\/\/vaptech.blueberry.bg\/facility\/#breadcrumb"},"inLanguage":"de-DE","potentialAction":[{"@type":"ReadAction","target":["https:\/\/vaptech.blueberry.bg\/facility\/"]}]},{"@type":"BreadcrumbList","@id":"https:\/\/vaptech.blueberry.bg\/facility\/#breadcrumb","itemListElement":[{"@type":"ListItem","position":1,"name":"Home","item":"https:\/\/vaptech.bg\/"},{"@type":"ListItem","position":2,"name":"Facility"}]},{"@type":"WebSite","@id":"https:\/\/vaptech.bg\/#website","url":"https:\/\/vaptech.bg\/","name":"Vaptech","description":"VAPTECH is a manufacturer &amp; global supplier of highest quality innovative products, services &amp; solutions in the Hydropower, Metal Forming &amp; Biomass industries","potentialAction":[{"@type":"SearchAction","target":{"@type":"EntryPoint","urlTemplate":"https:\/\/vaptech.bg\/?s={search_term_string}"},"query-input":{"@type":"PropertyValueSpecification","valueRequired":true,"valueName":"search_term_string"}}],"inLanguage":"de-DE"}]}},"_links":{"self":[{"href":"https:\/\/vaptech.bg\/de\/wp-json\/wp\/v2\/pages\/40","targetHints":{"allow":["GET"]}}],"collection":[{"href":"https:\/\/vaptech.bg\/de\/wp-json\/wp\/v2\/pages"}],"about":[{"href":"https:\/\/vaptech.bg\/de\/wp-json\/wp\/v2\/types\/page"}],"author":[{"embeddable":true,"href":"https:\/\/vaptech.bg\/de\/wp-json\/wp\/v2\/users\/1"}],"replies":[{"embeddable":true,"href":"https:\/\/vaptech.bg\/de\/wp-json\/wp\/v2\/comments?post=40"}],"version-history":[{"count":14,"href":"https:\/\/vaptech.bg\/de\/wp-json\/wp\/v2\/pages\/40\/revisions"}],"predecessor-version":[{"id":1240,"href":"https:\/\/vaptech.bg\/de\/wp-json\/wp\/v2\/pages\/40\/revisions\/1240"}],"wp:attachment":[{"href":"https:\/\/vaptech.bg\/de\/wp-json\/wp\/v2\/media?parent=40"}],"curies":[{"name":"wp","href":"https:\/\/api.w.org\/{rel}","templated":true}]}}