{"id":44,"date":"2025-07-07T13:37:08","date_gmt":"2025-07-07T13:37:08","guid":{"rendered":"http:\/\/localhost\/vaptech\/?page_id=44"},"modified":"2026-03-04T16:15:05","modified_gmt":"2026-03-04T14:15:05","slug":"quality-standards","status":"publish","type":"page","link":"https:\/\/vaptech.bg\/de\/quality-standards\/","title":{"rendered":"Qualit\u00e4tsstandards"},"content":{"rendered":"<div class=\"acf-navigation-menu-block\"><nav class=\"acf-navigation-container\"><ul id=\"menu-about\" class=\"acf-navigation\"><li id=\"menu-item-149\" class=\"menu-item menu-item-type-post_type menu-item-object-page menu-item-149\"><a href=\"https:\/\/vaptech.bg\/de\/about-us\/\">\u00dcber uns<\/a><\/li>\n<li id=\"menu-item-318\" class=\"menu-item menu-item-type-post_type menu-item-object-page menu-item-318\"><a href=\"https:\/\/vaptech.bg\/de\/history\/\">Geschichte<\/a><\/li>\n<li id=\"menu-item-317\" class=\"menu-item menu-item-type-post_type menu-item-object-page menu-item-317\"><a href=\"https:\/\/vaptech.bg\/de\/our-people\/\">Unser Personal<\/a><\/li>\n<li id=\"menu-item-319\" class=\"menu-item menu-item-type-post_type menu-item-object-page menu-item-319\"><a href=\"https:\/\/vaptech.bg\/de\/facility\/\">Einrichtung<\/a><\/li>\n<li id=\"menu-item-316\" class=\"menu-item menu-item-type-post_type menu-item-object-page menu-item-316\"><a href=\"https:\/\/vaptech.bg\/de\/sustainability\/\">Nachhaltigkeit<\/a><\/li>\n<li id=\"menu-item-320\" class=\"menu-item menu-item-type-post_type menu-item-object-page menu-item-320\"><a href=\"https:\/\/vaptech.bg\/de\/quality-standards\/\">Qualit\u00e4tsstandards<\/a><\/li>\n<\/ul><\/nav>    <div class=\"acf-navigation-menu-block__separator\"><\/div>\n    <\/div>\n\n\n<div class=\"wp-block-columns section-left-offset is-layout-flex wp-container-core-columns-is-layout-9d6595d7 wp-block-columns-is-layout-flex\">\n<div class=\"wp-block-column is-layout-flow wp-block-column-is-layout-flow\">\n<h2 class=\"wp-block-heading mt-xxs\">Die besten Standards einhalten<\/h2>\n\n\n\n<p class=\"has-medium-font-size\">Qualit\u00e4t steht bei VAPTECH an erster Stelle unserer Mission und Vision. <br>VAPTECH h\u00e4lt sich an die h\u00f6chsten Qualit\u00e4tsstandards und ist zertifiziert:<\/p>\n\n\n<div class=\"downloads-list\"><div class=\"download-item\">\n      <span class=\"download-icon\"><\/span>\n      <a href=\"https:\/\/vaptech.bg\/wp-content\/uploads\/2026\/03\/Certificate-8017-VAPTECH_EAD-EN-ISO-9001_2015-1.pdf\" class=\"download-label\" target=\"_blank\">ISO 9001:2015<\/a>\n      <a href=\"https:\/\/vaptech.bg\/wp-content\/uploads\/2026\/03\/Certificate-8017-VAPTECH_EAD-EN-ISO-9001_2015-1.pdf\" class=\"download-action\" download target=\"_blank\"><\/a>\n    <\/div><div class=\"download-item\">\n      <span class=\"download-icon\"><\/span>\n      <a href=\"https:\/\/vaptech.bg\/wp-content\/uploads\/2026\/03\/Certificate-8017-VAPTECH_EAD-EN-ISO-14001_2015.pdf\" class=\"download-label\" target=\"_blank\">ISO 14001:2015<\/a>\n      <a href=\"https:\/\/vaptech.bg\/wp-content\/uploads\/2026\/03\/Certificate-8017-VAPTECH_EAD-EN-ISO-14001_2015.pdf\" class=\"download-action\" download target=\"_blank\"><\/a>\n    <\/div><div class=\"download-item\">\n      <span class=\"download-icon\"><\/span>\n      <a href=\"https:\/\/vaptech.bg\/wp-content\/uploads\/2026\/03\/Certificate-8017-VAPTECH_EAD-EN-ISO-45001_2018.pdf\" class=\"download-label\" target=\"_blank\">ISO 45001:2018<\/a>\n      <a href=\"https:\/\/vaptech.bg\/wp-content\/uploads\/2026\/03\/Certificate-8017-VAPTECH_EAD-EN-ISO-45001_2018.pdf\" class=\"download-action\" download target=\"_blank\"><\/a>\n    <\/div><div class=\"download-item\">\n      <span class=\"download-icon\"><\/span>\n      <a href=\"https:\/\/vaptech.bg\/wp-content\/uploads\/2026\/01\/SC_10002_BG_20_0748-VAPTECH-ISO-10002-Certificate-2025.pdf\" class=\"download-label\" target=\"_blank\">ISO 10002:2018<\/a>\n      <a href=\"https:\/\/vaptech.bg\/wp-content\/uploads\/2026\/01\/SC_10002_BG_20_0748-VAPTECH-ISO-10002-Certificate-2025.pdf\" class=\"download-action\" download target=\"_blank\"><\/a>\n    <\/div><div class=\"download-item\">\n      <span class=\"download-icon\"><\/span>\n      <a href=\"https:\/\/vaptech.bg\/wp-content\/uploads\/2026\/03\/Certificate-8303-VAPTEH_EAD-EN-ISO-50001_2018.pdf\" class=\"download-label\" target=\"_blank\">ISO 50001:2018<\/a>\n      <a href=\"https:\/\/vaptech.bg\/wp-content\/uploads\/2026\/03\/Certificate-8303-VAPTEH_EAD-EN-ISO-50001_2018.pdf\" class=\"download-action\" download target=\"_blank\"><\/a>\n    <\/div><div class=\"download-item\">\n      <span class=\"download-icon\"><\/span>\n      <a href=\"https:\/\/vaptech.bg\/wp-content\/uploads\/2025\/07\/Certificate-1853-CPR-035_EN-1090-2-EN_2021-2.pdf\" class=\"download-label\" target=\"_blank\">EN 1090-1:2009+A1:2011<\/a>\n      <a href=\"https:\/\/vaptech.bg\/wp-content\/uploads\/2025\/07\/Certificate-1853-CPR-035_EN-1090-2-EN_2021-2.pdf\" class=\"download-action\" download target=\"_blank\"><\/a>\n    <\/div><\/div><\/div>\n\n\n\n<div class=\"wp-block-column is-layout-flow wp-block-column-is-layout-flow\">\n<figure class=\"wp-block-image size-large\"><img loading=\"lazy\" decoding=\"async\" width=\"1024\" height=\"645\" src=\"https:\/\/vaptech.bg\/wp-content\/uploads\/2025\/07\/CertificatPictureAsset-1024x645.png\" alt=\"\" class=\"wp-image-262\" srcset=\"https:\/\/vaptech.bg\/wp-content\/uploads\/2025\/07\/CertificatPictureAsset-1024x645.png 1024w, https:\/\/vaptech.bg\/wp-content\/uploads\/2025\/07\/CertificatPictureAsset-300x189.png 300w, https:\/\/vaptech.bg\/wp-content\/uploads\/2025\/07\/CertificatPictureAsset-768x484.png 768w, https:\/\/vaptech.bg\/wp-content\/uploads\/2025\/07\/CertificatPictureAsset.png 1136w\" sizes=\"auto, (max-width: 1024px) 100vw, 1024px\" \/><\/figure>\n<\/div>\n<\/div>","protected":false},"excerpt":{"rendered":"<p>Abiding By The Best Standards Quality is at the forefront of our mission at vision at VAPTECH. VAPTECH abides to the highest quality standards and is certified:<\/p>","protected":false},"author":1,"featured_media":0,"parent":0,"menu_order":0,"comment_status":"closed","ping_status":"closed","template":"","meta":{"_acf_changed":false,"inline_featured_image":false,"footnotes":""},"class_list":["post-44","page","type-page","status-publish","hentry"],"acf":[],"yoast_head":"<!-- This site is optimized with the Yoast SEO plugin v25.8 - https:\/\/yoast.com\/wordpress\/plugins\/seo\/ -->\n<title>Quality Standards - Vaptech<\/title>\n<meta name=\"robots\" content=\"index, follow, max-snippet:-1, max-image-preview:large, max-video-preview:-1\" \/>\n<link rel=\"canonical\" href=\"https:\/\/vaptech.bg\/de\/quality-standards\/\" \/>\n<meta property=\"og:locale\" content=\"de_DE\" \/>\n<meta property=\"og:type\" content=\"article\" \/>\n<meta property=\"og:title\" content=\"Quality Standards - Vaptech\" \/>\n<meta property=\"og:description\" content=\"Abiding By The Best Standards Quality is at the forefront of our mission at vision at VAPTECH. VAPTECH abides to the highest quality standards and is certified:\" \/>\n<meta property=\"og:url\" content=\"https:\/\/vaptech.bg\/de\/quality-standards\/\" \/>\n<meta property=\"og:site_name\" content=\"Vaptech\" \/>\n<meta property=\"article:modified_time\" content=\"2026-03-04T14:15:05+00:00\" \/>\n<meta property=\"og:image\" content=\"https:\/\/vaptech.bg\/wp-content\/uploads\/2025\/07\/CertificatPictureAsset.png\" \/>\n\t<meta property=\"og:image:width\" content=\"1136\" \/>\n\t<meta property=\"og:image:height\" content=\"716\" \/>\n\t<meta property=\"og:image:type\" content=\"image\/png\" \/>\n<meta name=\"twitter:card\" content=\"summary_large_image\" \/>\n<meta name=\"twitter:label1\" content=\"Est. reading time\" \/>\n\t<meta name=\"twitter:data1\" content=\"1 minute\" \/>\n<script type=\"application\/ld+json\" class=\"yoast-schema-graph\">{\"@context\":\"https:\/\/schema.org\",\"@graph\":[{\"@type\":\"WebPage\",\"@id\":\"https:\/\/vaptech.bg\/quality-standards\/\",\"url\":\"https:\/\/vaptech.bg\/quality-standards\/\",\"name\":\"Quality Standards - Vaptech\",\"isPartOf\":{\"@id\":\"https:\/\/vaptech.bg\/#website\"},\"primaryImageOfPage\":{\"@id\":\"https:\/\/vaptech.bg\/quality-standards\/#primaryimage\"},\"image\":{\"@id\":\"https:\/\/vaptech.bg\/quality-standards\/#primaryimage\"},\"thumbnailUrl\":\"https:\/\/vaptech.bg\/wp-content\/uploads\/2025\/07\/CertificatPictureAsset-1024x645.png\",\"datePublished\":\"2025-07-07T13:37:08+00:00\",\"dateModified\":\"2026-03-04T14:15:05+00:00\",\"breadcrumb\":{\"@id\":\"https:\/\/vaptech.bg\/quality-standards\/#breadcrumb\"},\"inLanguage\":\"de-DE\",\"potentialAction\":[{\"@type\":\"ReadAction\",\"target\":[\"https:\/\/vaptech.bg\/quality-standards\/\"]}]},{\"@type\":\"ImageObject\",\"inLanguage\":\"de-DE\",\"@id\":\"https:\/\/vaptech.bg\/quality-standards\/#primaryimage\",\"url\":\"https:\/\/vaptech.bg\/wp-content\/uploads\/2025\/07\/CertificatPictureAsset-1024x645.png\",\"contentUrl\":\"https:\/\/vaptech.bg\/wp-content\/uploads\/2025\/07\/CertificatPictureAsset-1024x645.png\"},{\"@type\":\"BreadcrumbList\",\"@id\":\"https:\/\/vaptech.bg\/quality-standards\/#breadcrumb\",\"itemListElement\":[{\"@type\":\"ListItem\",\"position\":1,\"name\":\"Home\",\"item\":\"https:\/\/vaptech.bg\/\"},{\"@type\":\"ListItem\",\"position\":2,\"name\":\"Quality Standards\"}]},{\"@type\":\"WebSite\",\"@id\":\"https:\/\/vaptech.bg\/#website\",\"url\":\"https:\/\/vaptech.bg\/\",\"name\":\"Vaptech\",\"description\":\"VAPTECH is a manufacturer &amp; global supplier of highest quality innovative products, services &amp; solutions in the Hydropower, Metal Forming &amp; Biomass industries\",\"potentialAction\":[{\"@type\":\"SearchAction\",\"target\":{\"@type\":\"EntryPoint\",\"urlTemplate\":\"https:\/\/vaptech.bg\/?s={search_term_string}\"},\"query-input\":{\"@type\":\"PropertyValueSpecification\",\"valueRequired\":true,\"valueName\":\"search_term_string\"}}],\"inLanguage\":\"de-DE\"}]}<\/script>\n<!-- \/ Yoast SEO plugin. -->","yoast_head_json":{"title":"Quality Standards - Vaptech","robots":{"index":"index","follow":"follow","max-snippet":"max-snippet:-1","max-image-preview":"max-image-preview:large","max-video-preview":"max-video-preview:-1"},"canonical":"https:\/\/vaptech.bg\/de\/quality-standards\/","og_locale":"de_DE","og_type":"article","og_title":"Quality Standards - Vaptech","og_description":"Abiding By The Best Standards Quality is at the forefront of our mission at vision at VAPTECH. VAPTECH abides to the highest quality standards and is certified:","og_url":"https:\/\/vaptech.bg\/de\/quality-standards\/","og_site_name":"Vaptech","article_modified_time":"2026-03-04T14:15:05+00:00","og_image":[{"width":1136,"height":716,"url":"https:\/\/vaptech.bg\/wp-content\/uploads\/2025\/07\/CertificatPictureAsset.png","type":"image\/png"}],"twitter_card":"summary_large_image","twitter_misc":{"Est. reading time":"1 minute"},"schema":{"@context":"https:\/\/schema.org","@graph":[{"@type":"WebPage","@id":"https:\/\/vaptech.bg\/quality-standards\/","url":"https:\/\/vaptech.bg\/quality-standards\/","name":"Quality Standards - Vaptech","isPartOf":{"@id":"https:\/\/vaptech.bg\/#website"},"primaryImageOfPage":{"@id":"https:\/\/vaptech.bg\/quality-standards\/#primaryimage"},"image":{"@id":"https:\/\/vaptech.bg\/quality-standards\/#primaryimage"},"thumbnailUrl":"https:\/\/vaptech.bg\/wp-content\/uploads\/2025\/07\/CertificatPictureAsset-1024x645.png","datePublished":"2025-07-07T13:37:08+00:00","dateModified":"2026-03-04T14:15:05+00:00","breadcrumb":{"@id":"https:\/\/vaptech.bg\/quality-standards\/#breadcrumb"},"inLanguage":"de-DE","potentialAction":[{"@type":"ReadAction","target":["https:\/\/vaptech.bg\/quality-standards\/"]}]},{"@type":"ImageObject","inLanguage":"de-DE","@id":"https:\/\/vaptech.bg\/quality-standards\/#primaryimage","url":"https:\/\/vaptech.bg\/wp-content\/uploads\/2025\/07\/CertificatPictureAsset-1024x645.png","contentUrl":"https:\/\/vaptech.bg\/wp-content\/uploads\/2025\/07\/CertificatPictureAsset-1024x645.png"},{"@type":"BreadcrumbList","@id":"https:\/\/vaptech.bg\/quality-standards\/#breadcrumb","itemListElement":[{"@type":"ListItem","position":1,"name":"Home","item":"https:\/\/vaptech.bg\/"},{"@type":"ListItem","position":2,"name":"Quality Standards"}]},{"@type":"WebSite","@id":"https:\/\/vaptech.bg\/#website","url":"https:\/\/vaptech.bg\/","name":"Vaptech","description":"VAPTECH is a manufacturer &amp; global supplier of highest quality innovative products, services &amp; solutions in the Hydropower, Metal Forming &amp; Biomass industries","potentialAction":[{"@type":"SearchAction","target":{"@type":"EntryPoint","urlTemplate":"https:\/\/vaptech.bg\/?s={search_term_string}"},"query-input":{"@type":"PropertyValueSpecification","valueRequired":true,"valueName":"search_term_string"}}],"inLanguage":"de-DE"}]}},"_links":{"self":[{"href":"https:\/\/vaptech.bg\/de\/wp-json\/wp\/v2\/pages\/44","targetHints":{"allow":["GET"]}}],"collection":[{"href":"https:\/\/vaptech.bg\/de\/wp-json\/wp\/v2\/pages"}],"about":[{"href":"https:\/\/vaptech.bg\/de\/wp-json\/wp\/v2\/types\/page"}],"author":[{"embeddable":true,"href":"https:\/\/vaptech.bg\/de\/wp-json\/wp\/v2\/users\/1"}],"replies":[{"embeddable":true,"href":"https:\/\/vaptech.bg\/de\/wp-json\/wp\/v2\/comments?post=44"}],"version-history":[{"count":18,"href":"https:\/\/vaptech.bg\/de\/wp-json\/wp\/v2\/pages\/44\/revisions"}],"predecessor-version":[{"id":1318,"href":"https:\/\/vaptech.bg\/de\/wp-json\/wp\/v2\/pages\/44\/revisions\/1318"}],"wp:attachment":[{"href":"https:\/\/vaptech.bg\/de\/wp-json\/wp\/v2\/media?parent=44"}],"curies":[{"name":"wp","href":"https:\/\/api.w.org\/{rel}","templated":true}]}}