{"id":34,"date":"2025-06-25T13:46:34","date_gmt":"2025-06-25T13:46:34","guid":{"rendered":"http:\/\/localhost\/vaptech\/?page_id=34"},"modified":"2025-09-07T01:41:38","modified_gmt":"2025-09-06T22:41:38","slug":"about-us","status":"publish","type":"page","link":"https:\/\/vaptech.bg\/es\/about-us\/","title":{"rendered":"Qui\u00e9nes somos"},"content":{"rendered":"<div class=\"acf-navigation-menu-block\"><nav class=\"acf-navigation-container\"><ul id=\"menu-about\" class=\"acf-navigation\"><li id=\"menu-item-149\" class=\"menu-item menu-item-type-post_type menu-item-object-page menu-item-149\"><a href=\"https:\/\/vaptech.bg\/es\/about-us\/\">Qui\u00e9nes somos<\/a><\/li>\n<li id=\"menu-item-318\" class=\"menu-item menu-item-type-post_type menu-item-object-page menu-item-318\"><a href=\"https:\/\/vaptech.bg\/es\/history\/\">Historia<\/a><\/li>\n<li id=\"menu-item-317\" class=\"menu-item menu-item-type-post_type menu-item-object-page menu-item-317\"><a href=\"https:\/\/vaptech.bg\/es\/our-people\/\">Nuestro personal<\/a><\/li>\n<li id=\"menu-item-319\" class=\"menu-item menu-item-type-post_type menu-item-object-page menu-item-319\"><a href=\"https:\/\/vaptech.bg\/es\/facility\/\">Instalaci\u00f3n<\/a><\/li>\n<li id=\"menu-item-316\" class=\"menu-item menu-item-type-post_type menu-item-object-page menu-item-316\"><a href=\"https:\/\/vaptech.bg\/es\/sustainability\/\">Sostenibilidad<\/a><\/li>\n<li id=\"menu-item-320\" class=\"menu-item menu-item-type-post_type menu-item-object-page menu-item-320\"><a href=\"https:\/\/vaptech.bg\/es\/quality-standards\/\">Normas de calidad<\/a><\/li>\n<\/ul><\/nav>    <div class=\"acf-navigation-menu-block__separator\"><\/div>\n    <\/div>\n\n\n<div class=\"wp-block-columns section-left-offset is-layout-flex wp-container-core-columns-is-layout-9d6595d7 wp-block-columns-is-layout-flex\">\n<div class=\"wp-block-column is-layout-flow wp-block-column-is-layout-flow\">\n<h2 class=\"wp-block-heading\">Acerca de Vaptech<\/h2>\n\n\n\n<h3 class=\"wp-block-heading text-capitalize\"><mark style=\"background-color:rgba(0, 0, 0, 0);color:#3365c8\" class=\"has-inline-color\">M\u00e1s de 100 a\u00f1os de excelencia en <\/mark>Industria de maquinaria <mark style=\"background-color:rgba(0, 0, 0, 0);color:#3365c8\" class=\"has-inline-color\">y<\/mark> Fabricaci\u00f3n<\/h3>\n\n\n\n<p class=\"mb-xxl\">Fundada en 1914, VAPTECH es una <strong>Propiedad suiza<\/strong> Empresa b\u00falgara que ha evolucionado hasta convertirse en un apreciado proveedor mundial de soluciones y servicios innovadores de la m\u00e1s alta calidad en el sector del <strong>Hidroelectricidad<\/strong> y <strong>Deformaci\u00f3n De Metales<\/strong> industrias.<\/p>\n\n\n\n<div class=\"wp-block-columns is-not-stacked-on-mobile is-layout-flex wp-container-core-columns-is-layout-9d6595d7 wp-block-columns-is-layout-flex\">\n<div class=\"wp-block-column is-layout-flow wp-block-column-is-layout-flow\"><div class=\"icon-box-vaptech-block\">\n  <div class=\"icon-box-vaptech\">\n          <div class=\"icon-box-vaptech__icon\">\n        <img decoding=\"async\" src=\"https:\/\/vaptech.bg\/wp-content\/uploads\/2025\/07\/icon-people-star.svg\" alt=\"\">\n      <\/div>\n    \n          <div class=\"icon-box-vaptech__title\">\n        1000+      <\/div>\n    \n          <div class=\"icon-box-vaptech__subtitle\">\n        Clientes satisfechos      <\/div>\n      <\/div>\n<\/div>\n<\/div>\n\n\n\n<div class=\"wp-block-column is-layout-flow wp-block-column-is-layout-flow\"><div class=\"icon-box-vaptech-block\">\n  <div class=\"icon-box-vaptech\">\n          <div class=\"icon-box-vaptech__icon\">\n        <img decoding=\"async\" src=\"https:\/\/vaptech.bg\/wp-content\/uploads\/2025\/07\/icon-handshake.svg\" alt=\"\">\n      <\/div>\n    \n          <div class=\"icon-box-vaptech__title\">\n        200+      <\/div>\n    \n          <div class=\"icon-box-vaptech__subtitle\">\n        COLEGAS      <\/div>\n      <\/div>\n<\/div>\n<\/div>\n<\/div>\n\n\n\n<div class=\"wp-block-columns is-not-stacked-on-mobile is-layout-flex wp-container-core-columns-is-layout-9d6595d7 wp-block-columns-is-layout-flex\">\n<div class=\"wp-block-column is-layout-flow wp-block-column-is-layout-flow\"><div class=\"icon-box-vaptech-block\">\n  <div class=\"icon-box-vaptech\">\n          <div class=\"icon-box-vaptech__icon\">\n        <img decoding=\"async\" src=\"https:\/\/vaptech.bg\/wp-content\/uploads\/2025\/07\/icon-water-lighting.svg\" alt=\"\">\n      <\/div>\n    \n          <div class=\"icon-box-vaptech__title\">\n        1000+      <\/div>\n    \n          <div class=\"icon-box-vaptech__subtitle\">\n        PROYECTOS HIDROEL\u00c9CTRICOS      <\/div>\n      <\/div>\n<\/div>\n<\/div>\n\n\n\n<div class=\"wp-block-column is-layout-flow wp-block-column-is-layout-flow\"><div class=\"icon-box-vaptech-block\">\n  <div class=\"icon-box-vaptech\">\n          <div class=\"icon-box-vaptech__icon\">\n        <img decoding=\"async\" src=\"https:\/\/vaptech.bg\/wp-content\/uploads\/2025\/07\/icon-crane.svg\" alt=\"\">\n      <\/div>\n    \n          <div class=\"icon-box-vaptech__title\">\n        2000+      <\/div>\n    \n          <div class=\"icon-box-vaptech__subtitle\">\n        PROYECTOS DE CONFORMADO DE METALES      <\/div>\n      <\/div>\n<\/div>\n<\/div>\n<\/div>\n<\/div>\n\n\n\n<div class=\"wp-block-column pl-90px-lg is-layout-flow wp-block-column-is-layout-flow\"><div class=\"gallery-video-block\">\n\n  <div class=\"gallery-video-grid\">\n\n    <!-- LEFT COLUMN: main image -->\n        <div class=\"gallery-video__main\"\n         style=\"background-image:url('https:\/\/vaptech.bg\/wp-content\/uploads\/2025\/07\/factory.png')\">\n    <\/div>\n    \n    <!-- RIGHT COLUMN: video box + gallery -->\n    <div class=\"gallery-video__side\">\n\n      <!-- Play button -->\n            <div class=\"gallery-video__video-box\" data-video=\"https:\/\/www.youtube.com\/watch?v=TdAp4QRuHOI\">\n        <span class=\"gallery-video__play-icon\"><\/span>\n        <span class=\"gallery-video__watch-label\">Watch video<\/span>\n      <\/div>\n      \n      <!-- Gallery images stacked -->\n            <div class=\"gallery-video__thumbs\">\n                <div class=\"gallery-video__thumb\"\n             style=\"background-image:url('https:\/\/vaptech.bg\/wp-content\/uploads\/2025\/08\/IMG-20210913-WA0007.jpg')\">\n        <\/div>\n                <div class=\"gallery-video__thumb\"\n             style=\"background-image:url('https:\/\/vaptech.bg\/wp-content\/uploads\/2025\/08\/Screenshot-2025-08-01-at-18.05.37.png')\">\n        <\/div>\n                <div class=\"gallery-video__thumb\"\n             style=\"background-image:url('https:\/\/vaptech.bg\/wp-content\/uploads\/2025\/07\/worker-factory.jpg')\">\n        <\/div>\n              <\/div>\n      \n    <\/div><!-- .gallery-video__side -->\n\n  <\/div><!-- .gallery-video-grid -->\n\n  <!-- Modal placeholder -->\n  <div class=\"gallery-video__modal\">\n    <div class=\"gallery-video__modal-inner\">\n      <button class=\"gallery-video__modal-close\">\u00d7<\/button>\n      <div class=\"gallery-video__modal-content\"><\/div>\n    <\/div>\n  <\/div>\n\n<\/div><\/div>\n<\/div>\n\n\n\n<figure class=\"wp-block-image alignwide size-large mb-xxl mt-xxxl\"><img loading=\"lazy\" decoding=\"async\" width=\"1394\" height=\"22\" src=\"https:\/\/vaptech.bg\/wp-content\/uploads\/2025\/06\/divider.svg\" alt=\"\" class=\"wp-image-66\"\/><\/figure>\n\n\n\n<h2 class=\"wp-block-heading has-text-align-center mb-xxl mt-xxl\">Misi\u00f3n y visi\u00f3n<\/h2>\n\n\n<div class=\"icon-cards-block grid grid-cols-1 grid-cols-md-3 gap-md\"><div class=\"icon-card\"><div class=\"icon-card__icon\"><img decoding=\"async\" src=\"https:\/\/vaptech.bg\/wp-content\/uploads\/2025\/07\/icon-bullseye.svg\" alt=\"MISSION\"><\/div><h3 class=\"icon-card__title\">MISI\u00d3N<\/h3><p class=\"icon-card__desc\">La misi\u00f3n de VAPTECH es ofrecer soluciones y servicios innovadores y de alta calidad en los sectores de la energ\u00eda hidroel\u00e9ctrica y el conformado de metales, capacitando a clientes de todo el mundo como socio de confianza y con visi\u00f3n de futuro.<\/p><\/div><div class=\"icon-card\"><div class=\"icon-card__icon\"><img decoding=\"async\" src=\"https:\/\/vaptech.bg\/wp-content\/uploads\/2025\/07\/icon-eye.svg\" alt=\"VISION\"><\/div><h3 class=\"icon-card__title\">VISI\u00d3N<\/h3><p class=\"icon-card__desc\">Fabricar lo que el planeta necesita dando forma a un futuro sostenible con soluciones energ\u00e9ticas y de fabricaci\u00f3n innovadoras que importan.<\/p><\/div><div class=\"icon-card\"><div class=\"icon-card__icon\"><img decoding=\"async\" src=\"https:\/\/vaptech.bg\/wp-content\/uploads\/2025\/07\/icon-question.svg\" alt=\"WHAT WE DO\"><\/div><h3 class=\"icon-card__title\">QU\u00c9 HACEMOS<\/h3><p class=\"icon-card__desc\">VAPTECH ofrece soluciones completas de energ\u00eda hidroel\u00e9ctrica y conformado de metales dise\u00f1adas para satisfacer eficazmente sus necesidades energ\u00e9ticas y de fabricaci\u00f3n, con su \u00e9xito como prioridad.<\/p><\/div><\/div>\n\n\n<figure class=\"wp-block-image alignwide size-large mb-xxl mt-xxxl\"><img loading=\"lazy\" decoding=\"async\" width=\"1394\" height=\"22\" src=\"https:\/\/vaptech.bg\/wp-content\/uploads\/2025\/06\/divider.svg\" alt=\"\" class=\"wp-image-66\"\/><\/figure>\n\n\n\n<h2 class=\"wp-block-heading has-text-align-center mb-xl mt-xxl\">Filosof\u00eda<\/h2>\n\n\n<div class=\"image-text-list grid grid-cols-1 grid-cols-md-2 gap-lg\"><div class=\"image-text-list__image\" style=\"background-image:url(https:\/\/vaptech.bg\/wp-content\/uploads\/2025\/07\/man-plan.jpg)\"><\/div><div class=\"image-text-list__content pl-md pr-lg pt-xxl pb-xxl bg-gray-1 radius-lg\"><h3 class=\"font-500 mb-none\">Una filosof\u00eda en inter\u00e9s del cliente<\/h3><h3 class=\"font-500 mb-lg\">La filosof\u00eda de VAPTECH se centra sin concesiones en:<\/h3><ul class=\"list-none m-0 p-0 space-y-sm\"><li class=\"d-flex mb-sm items-center bg-white radius-sm p-xs\"><span class=\"number-circle mr-sm\">01<\/span><span class=\"list-text flex-grow-1\">Calidad<\/span><\/li><li class=\"d-flex mb-sm items-center bg-white radius-sm p-xs\"><span class=\"number-circle mr-sm\">02<\/span><span class=\"list-text flex-grow-1\">Integridad<\/span><\/li><li class=\"d-flex mb-sm items-center bg-white radius-sm p-xs\"><span class=\"number-circle mr-sm\">03<\/span><span class=\"list-text flex-grow-1\">Puntualidad<\/span><\/li><li class=\"d-flex mb-sm items-center bg-white radius-sm p-xs\"><span class=\"number-circle mr-sm\">04<\/span><span class=\"list-text flex-grow-1\">Innovaci\u00f3n<\/span><\/li><li class=\"d-flex mb-sm items-center bg-white radius-sm p-xs\"><span class=\"number-circle mr-sm\">05<\/span><span class=\"list-text flex-grow-1\">Experiencias beneficiosas para todos<\/span><\/li><li class=\"d-flex mb-sm items-center bg-white radius-sm p-xs\"><span class=\"number-circle mr-sm\">06<\/span><span class=\"list-text flex-grow-1\">100% satisfacci\u00f3n del cliente<\/span><\/li><li class=\"d-flex mb-sm items-center bg-white radius-sm p-xs\"><span class=\"number-circle mr-sm\">07<\/span><span class=\"list-text flex-grow-1\">El m\u00e1s r\u00e1pido retorno de la inversi\u00f3n para nuestros clientes<\/span><\/li><\/ul><\/div><\/div>\n\n\n<figure class=\"wp-block-image alignwide size-large mb-xxl mt-xxxl\"><img loading=\"lazy\" decoding=\"async\" width=\"1394\" height=\"22\" src=\"https:\/\/vaptech.bg\/wp-content\/uploads\/2025\/06\/divider.svg\" alt=\"\" class=\"wp-image-66\"\/><\/figure>\n\n\n\n<h2 class=\"wp-block-heading has-text-align-center mb-xl mt-xxl\">Estructura de la empresa<\/h2>\n\n\n\n<div class=\"wp-block-group\"><div class=\"wp-block-group__inner-container is-layout-constrained wp-block-group-is-layout-constrained\">\n<figure class=\"wp-block-image alignwide size-large\"><img loading=\"lazy\" decoding=\"async\" width=\"1024\" height=\"589\" src=\"https:\/\/vaptech.bg\/wp-content\/uploads\/2025\/07\/group-structure-1024x589.jpg\" alt=\"\" class=\"wp-image-162\" srcset=\"https:\/\/vaptech.bg\/wp-content\/uploads\/2025\/07\/group-structure-1024x589.jpg 1024w, https:\/\/vaptech.bg\/wp-content\/uploads\/2025\/07\/group-structure-300x172.jpg 300w, https:\/\/vaptech.bg\/wp-content\/uploads\/2025\/07\/group-structure-768x441.jpg 768w, https:\/\/vaptech.bg\/wp-content\/uploads\/2025\/07\/group-structure.jpg 1392w\" sizes=\"auto, (max-width: 1024px) 100vw, 1024px\" \/><\/figure>\n<\/div><\/div>","protected":false},"excerpt":{"rendered":"<p>About Vaptech More Than 100 Years of Excellence in Machine Industry and Manufacturing Founded in 1914, VAPTECH is a Swiss owned Bulgarian company that has evolved into a greatly appreciated global supplier of highest quality innovative solutions and services in the Hydropower and Metal Forming industries. Mission and Vision Philosophy Corporate Structure<\/p>","protected":false},"author":1,"featured_media":0,"parent":0,"menu_order":0,"comment_status":"closed","ping_status":"closed","template":"","meta":{"_acf_changed":false,"inline_featured_image":false,"footnotes":""},"class_list":["post-34","page","type-page","status-publish","hentry"],"acf":[],"yoast_head":"<!-- This site is optimized with the Yoast SEO plugin v25.8 - https:\/\/yoast.com\/wordpress\/plugins\/seo\/ -->\n<title>About us - Vaptech<\/title>\n<meta name=\"description\" content=\"VAPTECH is a Swiss owned Bulgarian company that has evolved into a global supplier of highest quality Hydropower &amp; Metal Forming solutions.\" \/>\n<meta name=\"robots\" content=\"index, follow, max-snippet:-1, max-image-preview:large, max-video-preview:-1\" \/>\n<link rel=\"canonical\" href=\"https:\/\/vaptech.bg\/es\/about-us\/\" \/>\n<meta property=\"og:locale\" content=\"es_ES\" \/>\n<meta property=\"og:type\" content=\"article\" \/>\n<meta property=\"og:title\" content=\"About us - Vaptech\" \/>\n<meta property=\"og:description\" content=\"VAPTECH is a Swiss owned Bulgarian company that has evolved into a global supplier of highest quality Hydropower &amp; Metal Forming solutions.\" \/>\n<meta property=\"og:url\" content=\"https:\/\/vaptech.bg\/es\/about-us\/\" \/>\n<meta property=\"og:site_name\" content=\"Vaptech\" \/>\n<meta property=\"article:modified_time\" content=\"2025-09-06T22:41:38+00:00\" \/>\n<meta property=\"og:image\" content=\"https:\/\/vaptech.bg\/wp-content\/uploads\/2025\/06\/divider.svg\" \/>\n<meta name=\"twitter:card\" content=\"summary_large_image\" \/>\n<meta name=\"twitter:label1\" content=\"Est. reading time\" \/>\n\t<meta name=\"twitter:data1\" content=\"2 minutes\" \/>\n<script type=\"application\/ld+json\" class=\"yoast-schema-graph\">{\"@context\":\"https:\/\/schema.org\",\"@graph\":[{\"@type\":\"WebPage\",\"@id\":\"https:\/\/vaptech.bg\/about-us\/\",\"url\":\"https:\/\/vaptech.bg\/about-us\/\",\"name\":\"About us - Vaptech\",\"isPartOf\":{\"@id\":\"https:\/\/vaptech.bg\/#website\"},\"primaryImageOfPage\":{\"@id\":\"https:\/\/vaptech.bg\/about-us\/#primaryimage\"},\"image\":{\"@id\":\"https:\/\/vaptech.bg\/about-us\/#primaryimage\"},\"thumbnailUrl\":\"https:\/\/vaptech.bg\/wp-content\/uploads\/2025\/06\/divider.svg\",\"datePublished\":\"2025-06-25T13:46:34+00:00\",\"dateModified\":\"2025-09-06T22:41:38+00:00\",\"description\":\"VAPTECH is a Swiss owned Bulgarian company that has evolved into a global supplier of highest quality Hydropower & Metal Forming solutions.\",\"breadcrumb\":{\"@id\":\"https:\/\/vaptech.bg\/about-us\/#breadcrumb\"},\"inLanguage\":\"es-ES\",\"potentialAction\":[{\"@type\":\"ReadAction\",\"target\":[\"https:\/\/vaptech.bg\/about-us\/\"]}]},{\"@type\":\"ImageObject\",\"inLanguage\":\"es-ES\",\"@id\":\"https:\/\/vaptech.bg\/about-us\/#primaryimage\",\"url\":\"https:\/\/vaptech.bg\/wp-content\/uploads\/2025\/06\/divider.svg\",\"contentUrl\":\"https:\/\/vaptech.bg\/wp-content\/uploads\/2025\/06\/divider.svg\"},{\"@type\":\"BreadcrumbList\",\"@id\":\"https:\/\/vaptech.bg\/about-us\/#breadcrumb\",\"itemListElement\":[{\"@type\":\"ListItem\",\"position\":1,\"name\":\"Home\",\"item\":\"https:\/\/vaptech.bg\/\"},{\"@type\":\"ListItem\",\"position\":2,\"name\":\"About us\"}]},{\"@type\":\"WebSite\",\"@id\":\"https:\/\/vaptech.bg\/#website\",\"url\":\"https:\/\/vaptech.bg\/\",\"name\":\"Vaptech\",\"description\":\"VAPTECH is a manufacturer &amp; global supplier of highest quality innovative products, services &amp; solutions in the Hydropower, Metal Forming &amp; Biomass industries\",\"potentialAction\":[{\"@type\":\"SearchAction\",\"target\":{\"@type\":\"EntryPoint\",\"urlTemplate\":\"https:\/\/vaptech.bg\/?s={search_term_string}\"},\"query-input\":{\"@type\":\"PropertyValueSpecification\",\"valueRequired\":true,\"valueName\":\"search_term_string\"}}],\"inLanguage\":\"es-ES\"}]}<\/script>\n<!-- \/ Yoast SEO plugin. -->","yoast_head_json":{"title":"About us - Vaptech","description":"VAPTECH is a Swiss owned Bulgarian company that has evolved into a global supplier of highest quality Hydropower & Metal Forming solutions.","robots":{"index":"index","follow":"follow","max-snippet":"max-snippet:-1","max-image-preview":"max-image-preview:large","max-video-preview":"max-video-preview:-1"},"canonical":"https:\/\/vaptech.bg\/es\/about-us\/","og_locale":"es_ES","og_type":"article","og_title":"About us - Vaptech","og_description":"VAPTECH is a Swiss owned Bulgarian company that has evolved into a global supplier of highest quality Hydropower & Metal Forming solutions.","og_url":"https:\/\/vaptech.bg\/es\/about-us\/","og_site_name":"Vaptech","article_modified_time":"2025-09-06T22:41:38+00:00","og_image":[{"url":"https:\/\/vaptech.bg\/wp-content\/uploads\/2025\/06\/divider.svg","type":"","width":"","height":""}],"twitter_card":"summary_large_image","twitter_misc":{"Est. reading time":"2 minutes"},"schema":{"@context":"https:\/\/schema.org","@graph":[{"@type":"WebPage","@id":"https:\/\/vaptech.bg\/about-us\/","url":"https:\/\/vaptech.bg\/about-us\/","name":"About us - Vaptech","isPartOf":{"@id":"https:\/\/vaptech.bg\/#website"},"primaryImageOfPage":{"@id":"https:\/\/vaptech.bg\/about-us\/#primaryimage"},"image":{"@id":"https:\/\/vaptech.bg\/about-us\/#primaryimage"},"thumbnailUrl":"https:\/\/vaptech.bg\/wp-content\/uploads\/2025\/06\/divider.svg","datePublished":"2025-06-25T13:46:34+00:00","dateModified":"2025-09-06T22:41:38+00:00","description":"VAPTECH is a Swiss owned Bulgarian company that has evolved into a global supplier of highest quality Hydropower & Metal Forming solutions.","breadcrumb":{"@id":"https:\/\/vaptech.bg\/about-us\/#breadcrumb"},"inLanguage":"es-ES","potentialAction":[{"@type":"ReadAction","target":["https:\/\/vaptech.bg\/about-us\/"]}]},{"@type":"ImageObject","inLanguage":"es-ES","@id":"https:\/\/vaptech.bg\/about-us\/#primaryimage","url":"https:\/\/vaptech.bg\/wp-content\/uploads\/2025\/06\/divider.svg","contentUrl":"https:\/\/vaptech.bg\/wp-content\/uploads\/2025\/06\/divider.svg"},{"@type":"BreadcrumbList","@id":"https:\/\/vaptech.bg\/about-us\/#breadcrumb","itemListElement":[{"@type":"ListItem","position":1,"name":"Home","item":"https:\/\/vaptech.bg\/"},{"@type":"ListItem","position":2,"name":"About us"}]},{"@type":"WebSite","@id":"https:\/\/vaptech.bg\/#website","url":"https:\/\/vaptech.bg\/","name":"Vaptech","description":"VAPTECH is a manufacturer &amp; global supplier of highest quality innovative products, services &amp; solutions in the Hydropower, Metal Forming &amp; Biomass industries","potentialAction":[{"@type":"SearchAction","target":{"@type":"EntryPoint","urlTemplate":"https:\/\/vaptech.bg\/?s={search_term_string}"},"query-input":{"@type":"PropertyValueSpecification","valueRequired":true,"valueName":"search_term_string"}}],"inLanguage":"es-ES"}]}},"_links":{"self":[{"href":"https:\/\/vaptech.bg\/es\/wp-json\/wp\/v2\/pages\/34","targetHints":{"allow":["GET"]}}],"collection":[{"href":"https:\/\/vaptech.bg\/es\/wp-json\/wp\/v2\/pages"}],"about":[{"href":"https:\/\/vaptech.bg\/es\/wp-json\/wp\/v2\/types\/page"}],"author":[{"embeddable":true,"href":"https:\/\/vaptech.bg\/es\/wp-json\/wp\/v2\/users\/1"}],"replies":[{"embeddable":true,"href":"https:\/\/vaptech.bg\/es\/wp-json\/wp\/v2\/comments?post=34"}],"version-history":[{"count":38,"href":"https:\/\/vaptech.bg\/es\/wp-json\/wp\/v2\/pages\/34\/revisions"}],"predecessor-version":[{"id":1253,"href":"https:\/\/vaptech.bg\/es\/wp-json\/wp\/v2\/pages\/34\/revisions\/1253"}],"wp:attachment":[{"href":"https:\/\/vaptech.bg\/es\/wp-json\/wp\/v2\/media?parent=34"}],"curies":[{"name":"wp","href":"https:\/\/api.w.org\/{rel}","templated":true}]}}