{"id":36,"date":"2025-07-07T13:37:23","date_gmt":"2025-07-07T13:37:23","guid":{"rendered":"http:\/\/localhost\/vaptech\/?page_id=36"},"modified":"2025-08-25T14:17:49","modified_gmt":"2025-08-25T14:17:49","slug":"history","status":"publish","type":"page","link":"https:\/\/vaptech.bg\/es\/history\/","title":{"rendered":"Historia"},"content":{"rendered":"<div class=\"acf-navigation-menu-block\"><nav class=\"acf-navigation-container\"><ul id=\"menu-about\" class=\"acf-navigation\"><li id=\"menu-item-149\" class=\"menu-item menu-item-type-post_type menu-item-object-page menu-item-149\"><a href=\"https:\/\/vaptech.bg\/es\/about-us\/\">Qui\u00e9nes somos<\/a><\/li>\n<li id=\"menu-item-318\" class=\"menu-item menu-item-type-post_type menu-item-object-page menu-item-318\"><a href=\"https:\/\/vaptech.bg\/es\/history\/\">Historia<\/a><\/li>\n<li id=\"menu-item-317\" class=\"menu-item menu-item-type-post_type menu-item-object-page menu-item-317\"><a href=\"https:\/\/vaptech.bg\/es\/our-people\/\">Nuestro personal<\/a><\/li>\n<li id=\"menu-item-319\" class=\"menu-item menu-item-type-post_type menu-item-object-page menu-item-319\"><a href=\"https:\/\/vaptech.bg\/es\/facility\/\">Instalaci\u00f3n<\/a><\/li>\n<li id=\"menu-item-316\" class=\"menu-item menu-item-type-post_type menu-item-object-page menu-item-316\"><a href=\"https:\/\/vaptech.bg\/es\/sustainability\/\">Sostenibilidad<\/a><\/li>\n<li id=\"menu-item-320\" class=\"menu-item menu-item-type-post_type menu-item-object-page menu-item-320\"><a href=\"https:\/\/vaptech.bg\/es\/quality-standards\/\">Normas de calidad<\/a><\/li>\n<\/ul><\/nav>    <div class=\"acf-navigation-menu-block__separator\"><\/div>\n    <\/div>\n\n\n<div class=\"wp-block-group section-left-offset section-right-offset\"><div class=\"wp-block-group__inner-container is-layout-constrained wp-block-group-is-layout-constrained\">\n<h2 class=\"wp-block-heading mb-xl\">M\u00e1s de 110 a\u00f1os de excelencia en maquinaria y fabricaci\u00f3n.<\/h2>\n\n\n\n<p class=\"mb-xxxl has-medium-font-size\">Fundada en 1914 sobre una tradici\u00f3n de ingenier\u00eda de precisi\u00f3n e innovaci\u00f3n con visi\u00f3n de futuro, VAPTECH ha pasado de ser un fabricante regional a convertirse en un l\u00edder mundialmente reconocido en soluciones completas de energ\u00eda hidr\u00e1ulica y conformado de metales. Nuestra trayectoria refleja d\u00e9cadas de dedicaci\u00f3n a la excelencia, la sostenibilidad y las asociaciones de confianza en todo el mundo. Explore nuestra trayectoria a trav\u00e9s de los hitos clave que marcan nuestra transformaci\u00f3n de una potencia regional a un proveedor de soluciones globales.<\/p>\n\n\n<div class=\"timeline\"><div class='timeline__item timeline__item--left'><div class='timeline__media'><img src='https:\/\/vaptech.bg\/wp-content\/uploads\/2025\/08\/VAPTECH-History-2010.jpg' alt=''><\/div><div class='timeline__marker'><span class='timeline__year'>Hoy<\/span><span class='timeline__dot'><\/span><\/div><div class='timeline__content'><p>Proveedor mundial de soluciones y servicios completos en las industrias hidroel\u00e9ctrica y de conformado de metales.<\/p>\n<\/div><\/div><div class='timeline__item timeline__item--right'><div class='timeline__media'><img src='https:\/\/vaptech.bg\/wp-content\/uploads\/2025\/08\/Untitled-design-128.png' alt=''><\/div><div class='timeline__marker'><span class='timeline__year'>2000&#039;s<\/span><span class='timeline__dot'><\/span><\/div><div class='timeline__content'><p>Entrega de los primeros proyectos hidroel\u00e9ctricos de agua a cable y soluciones completas de conformado de metales.<\/p>\n<\/div><\/div><div class='timeline__item timeline__item--left'><div class='timeline__media'><img src='https:\/\/vaptech.bg\/wp-content\/uploads\/2025\/08\/Untitled-design-127.png' alt=''><\/div><div class='timeline__marker'><span class='timeline__year'>1990&#039;s<\/span><span class='timeline__dot'><\/span><\/div><div class='timeline__content'><p>El inicio de nuestras l\u00edneas de presi\u00f3n mec\u00e1nicas e hidr\u00e1ulicas a medida.<\/p>\n<\/div><\/div><div class='timeline__item timeline__item--right'><div class='timeline__media'><img src='https:\/\/vaptech.bg\/wp-content\/uploads\/2025\/07\/1980.jpg' alt=''><\/div><div class='timeline__marker'><span class='timeline__year'>1980&#039;s<\/span><span class='timeline__dot'><\/span><\/div><div class='timeline__content'><p>Entrega de la primera soluci\u00f3n hidroel\u00e9ctrica completa.<\/p>\n<\/div><\/div><div class='timeline__item timeline__item--left'><div class='timeline__media'><img src='https:\/\/vaptech.bg\/wp-content\/uploads\/2025\/08\/Untitled-design-126.png' alt=''><\/div><div class='timeline__marker'><span class='timeline__year'>1950&#039;s<\/span><span class='timeline__dot'><\/span><\/div><div class='timeline__content'><p>Las primeras turbinas hidroel\u00e9ctricas salen de f\u00e1brica.<\/p>\n<p>Dar forma al sector del conformado de metales.<\/p>\n<\/div><\/div><div class='timeline__item timeline__item--right'><div class='timeline__media'><img src='https:\/\/vaptech.bg\/wp-content\/uploads\/2025\/08\/Untitled-design-125.png' alt=''><\/div><div class='timeline__marker'><span class='timeline__year'>1940&#039;s<\/span><span class='timeline__dot'><\/span><\/div><div class='timeline__content'><p>Aumentar la capacidad de fabricaci\u00f3n de VAPTECH. Incorporaci\u00f3n de nuevas l\u00edneas de productos.<\/p>\n<\/div><\/div><div class='timeline__item timeline__item--left'><div class='timeline__media'><img src='https:\/\/vaptech.bg\/wp-content\/uploads\/2025\/07\/Today-37777.jpg' alt=''><\/div><div class='timeline__marker'><span class='timeline__year'>1914<\/span><span class='timeline__dot'><\/span><\/div><div class='timeline__content'><p>El principio.<\/p>\n<\/div><\/div><\/div><\/div><\/div>","protected":false},"excerpt":{"rendered":"<p>Over 110 Years of Machine and Manufacturing Excellence! Founded in 1914 on a tradition of precision engineering and forward-thinking innovation, VAPTECH has evolved from a regional manufacturer into a globally recognized leader in complete hydropower and metal forming solutions. Our journey reflects decades of dedication to excellence, sustainability, and trusted partnerships around the world. Explore [&hellip;]<\/p>","protected":false},"author":1,"featured_media":0,"parent":0,"menu_order":0,"comment_status":"closed","ping_status":"closed","template":"","meta":{"_acf_changed":false,"inline_featured_image":false,"footnotes":""},"class_list":["post-36","page","type-page","status-publish","hentry"],"acf":[],"yoast_head":"<!-- This site is optimized with the Yoast SEO plugin v25.8 - https:\/\/yoast.com\/wordpress\/plugins\/seo\/ -->\n<title>History - Vaptech<\/title>\n<meta name=\"robots\" content=\"index, follow, max-snippet:-1, max-image-preview:large, max-video-preview:-1\" \/>\n<link rel=\"canonical\" href=\"https:\/\/vaptech.blueberry.bg\/history\/\" \/>\n<meta property=\"og:locale\" content=\"es_ES\" \/>\n<meta property=\"og:type\" content=\"article\" \/>\n<meta property=\"og:title\" content=\"History - Vaptech\" \/>\n<meta property=\"og:description\" content=\"Over 110 Years of Machine and Manufacturing Excellence! Founded in 1914 on a tradition of precision engineering and forward-thinking innovation, VAPTECH has evolved from a regional manufacturer into a globally recognized leader in complete hydropower and metal forming solutions. Our journey reflects decades of dedication to excellence, sustainability, and trusted partnerships around the world. Explore [&hellip;]\" \/>\n<meta property=\"og:url\" content=\"https:\/\/vaptech.blueberry.bg\/history\/\" \/>\n<meta property=\"og:site_name\" content=\"Vaptech\" \/>\n<meta property=\"article:modified_time\" content=\"2025-08-25T14:17:49+00:00\" \/>\n<meta name=\"twitter:card\" content=\"summary_large_image\" \/>\n<meta name=\"twitter:label1\" content=\"Est. reading time\" \/>\n\t<meta name=\"twitter:data1\" content=\"1 minute\" \/>\n<script type=\"application\/ld+json\" class=\"yoast-schema-graph\">{\"@context\":\"https:\/\/schema.org\",\"@graph\":[{\"@type\":\"WebPage\",\"@id\":\"https:\/\/vaptech.blueberry.bg\/history\/\",\"url\":\"https:\/\/vaptech.blueberry.bg\/history\/\",\"name\":\"History - Vaptech\",\"isPartOf\":{\"@id\":\"https:\/\/vaptech.bg\/#website\"},\"datePublished\":\"2025-07-07T13:37:23+00:00\",\"dateModified\":\"2025-08-25T14:17:49+00:00\",\"breadcrumb\":{\"@id\":\"https:\/\/vaptech.blueberry.bg\/history\/#breadcrumb\"},\"inLanguage\":\"es-ES\",\"potentialAction\":[{\"@type\":\"ReadAction\",\"target\":[\"https:\/\/vaptech.blueberry.bg\/history\/\"]}]},{\"@type\":\"BreadcrumbList\",\"@id\":\"https:\/\/vaptech.blueberry.bg\/history\/#breadcrumb\",\"itemListElement\":[{\"@type\":\"ListItem\",\"position\":1,\"name\":\"Home\",\"item\":\"https:\/\/vaptech.bg\/\"},{\"@type\":\"ListItem\",\"position\":2,\"name\":\"History\"}]},{\"@type\":\"WebSite\",\"@id\":\"https:\/\/vaptech.bg\/#website\",\"url\":\"https:\/\/vaptech.bg\/\",\"name\":\"Vaptech\",\"description\":\"VAPTECH is a manufacturer &amp; global supplier of highest quality innovative products, services &amp; solutions in the Hydropower, Metal Forming &amp; Biomass industries\",\"potentialAction\":[{\"@type\":\"SearchAction\",\"target\":{\"@type\":\"EntryPoint\",\"urlTemplate\":\"https:\/\/vaptech.bg\/?s={search_term_string}\"},\"query-input\":{\"@type\":\"PropertyValueSpecification\",\"valueRequired\":true,\"valueName\":\"search_term_string\"}}],\"inLanguage\":\"es-ES\"}]}<\/script>\n<!-- \/ Yoast SEO plugin. -->","yoast_head_json":{"title":"History - Vaptech","robots":{"index":"index","follow":"follow","max-snippet":"max-snippet:-1","max-image-preview":"max-image-preview:large","max-video-preview":"max-video-preview:-1"},"canonical":"https:\/\/vaptech.blueberry.bg\/history\/","og_locale":"es_ES","og_type":"article","og_title":"History - Vaptech","og_description":"Over 110 Years of Machine and Manufacturing Excellence! Founded in 1914 on a tradition of precision engineering and forward-thinking innovation, VAPTECH has evolved from a regional manufacturer into a globally recognized leader in complete hydropower and metal forming solutions. Our journey reflects decades of dedication to excellence, sustainability, and trusted partnerships around the world. Explore [&hellip;]","og_url":"https:\/\/vaptech.blueberry.bg\/history\/","og_site_name":"Vaptech","article_modified_time":"2025-08-25T14:17:49+00:00","twitter_card":"summary_large_image","twitter_misc":{"Est. reading time":"1 minute"},"schema":{"@context":"https:\/\/schema.org","@graph":[{"@type":"WebPage","@id":"https:\/\/vaptech.blueberry.bg\/history\/","url":"https:\/\/vaptech.blueberry.bg\/history\/","name":"History - Vaptech","isPartOf":{"@id":"https:\/\/vaptech.bg\/#website"},"datePublished":"2025-07-07T13:37:23+00:00","dateModified":"2025-08-25T14:17:49+00:00","breadcrumb":{"@id":"https:\/\/vaptech.blueberry.bg\/history\/#breadcrumb"},"inLanguage":"es-ES","potentialAction":[{"@type":"ReadAction","target":["https:\/\/vaptech.blueberry.bg\/history\/"]}]},{"@type":"BreadcrumbList","@id":"https:\/\/vaptech.blueberry.bg\/history\/#breadcrumb","itemListElement":[{"@type":"ListItem","position":1,"name":"Home","item":"https:\/\/vaptech.bg\/"},{"@type":"ListItem","position":2,"name":"History"}]},{"@type":"WebSite","@id":"https:\/\/vaptech.bg\/#website","url":"https:\/\/vaptech.bg\/","name":"Vaptech","description":"VAPTECH is a manufacturer &amp; global supplier of highest quality innovative products, services &amp; solutions in the Hydropower, Metal Forming &amp; Biomass industries","potentialAction":[{"@type":"SearchAction","target":{"@type":"EntryPoint","urlTemplate":"https:\/\/vaptech.bg\/?s={search_term_string}"},"query-input":{"@type":"PropertyValueSpecification","valueRequired":true,"valueName":"search_term_string"}}],"inLanguage":"es-ES"}]}},"_links":{"self":[{"href":"https:\/\/vaptech.bg\/es\/wp-json\/wp\/v2\/pages\/36","targetHints":{"allow":["GET"]}}],"collection":[{"href":"https:\/\/vaptech.bg\/es\/wp-json\/wp\/v2\/pages"}],"about":[{"href":"https:\/\/vaptech.bg\/es\/wp-json\/wp\/v2\/types\/page"}],"author":[{"embeddable":true,"href":"https:\/\/vaptech.bg\/es\/wp-json\/wp\/v2\/users\/1"}],"replies":[{"embeddable":true,"href":"https:\/\/vaptech.bg\/es\/wp-json\/wp\/v2\/comments?post=36"}],"version-history":[{"count":10,"href":"https:\/\/vaptech.bg\/es\/wp-json\/wp\/v2\/pages\/36\/revisions"}],"predecessor-version":[{"id":1248,"href":"https:\/\/vaptech.bg\/es\/wp-json\/wp\/v2\/pages\/36\/revisions\/1248"}],"wp:attachment":[{"href":"https:\/\/vaptech.bg\/es\/wp-json\/wp\/v2\/media?parent=36"}],"curies":[{"name":"wp","href":"https:\/\/api.w.org\/{rel}","templated":true}]}}