{"id":42,"date":"2025-07-07T13:37:30","date_gmt":"2025-07-07T13:37:30","guid":{"rendered":"http:\/\/localhost\/vaptech\/?page_id=42"},"modified":"2025-07-29T14:41:38","modified_gmt":"2025-07-29T14:41:38","slug":"sustainability","status":"publish","type":"page","link":"https:\/\/vaptech.bg\/es\/sustainability\/","title":{"rendered":"Sostenibilidad"},"content":{"rendered":"<div class=\"acf-navigation-menu-block\"><nav class=\"acf-navigation-container\"><ul id=\"menu-about\" class=\"acf-navigation\"><li id=\"menu-item-149\" class=\"menu-item menu-item-type-post_type menu-item-object-page menu-item-149\"><a href=\"https:\/\/vaptech.bg\/es\/about-us\/\">Qui\u00e9nes somos<\/a><\/li>\n<li id=\"menu-item-318\" class=\"menu-item menu-item-type-post_type menu-item-object-page menu-item-318\"><a href=\"https:\/\/vaptech.bg\/es\/history\/\">Historia<\/a><\/li>\n<li id=\"menu-item-317\" class=\"menu-item menu-item-type-post_type menu-item-object-page menu-item-317\"><a href=\"https:\/\/vaptech.bg\/es\/our-people\/\">Nuestro personal<\/a><\/li>\n<li id=\"menu-item-319\" class=\"menu-item menu-item-type-post_type menu-item-object-page menu-item-319\"><a href=\"https:\/\/vaptech.bg\/es\/facility\/\">Instalaci\u00f3n<\/a><\/li>\n<li id=\"menu-item-316\" class=\"menu-item menu-item-type-post_type menu-item-object-page menu-item-316\"><a href=\"https:\/\/vaptech.bg\/es\/sustainability\/\">Sostenibilidad<\/a><\/li>\n<li id=\"menu-item-320\" class=\"menu-item menu-item-type-post_type menu-item-object-page menu-item-320\"><a href=\"https:\/\/vaptech.bg\/es\/quality-standards\/\">Normas de calidad<\/a><\/li>\n<\/ul><\/nav>    <div class=\"acf-navigation-menu-block__separator\"><\/div>\n    <\/div>\n\n\n<div class=\"wp-block-columns section-left-offset mb-0 no-gap is-layout-flex wp-container-core-columns-is-layout-9d6595d7 wp-block-columns-is-layout-flex\">\n<div class=\"wp-block-column is-layout-flow wp-block-column-is-layout-flow\" style=\"flex-basis:55%\">\n<h2 class=\"wp-block-heading\">Make What The Planet Needs<\/h2>\n\n\n\n<p class=\"pr-30px-sm has-medium-font-size\">VAPTECH har\u00e1 todo lo posible por seguir desarrollando e innovando su cartera de productos y servicios, as\u00ed como por crear otros nuevos, con el fin de contribuir a un planeta sostenible y saludable.<\/p>\n\n\n\n<p class=\"pr-30px-sm has-medium-font-size\">VAPTECH cree firmemente que para que una empresa tenga \u00e9xito y sea sostenible, el beneficio econ\u00f3mico no debe ser su \u00fanica preocupaci\u00f3n. VAPTECH concede la m\u00e1xima prioridad a mantener su condici\u00f3n de buen ciudadano corporativo y a avanzar para alcanzar nuevos niveles morales y espirituales: la responsabilidad social cada vez m\u00e1s elevada. Esto s\u00f3lo puede materializarse a trav\u00e9s de requisitos muy exigentes de integridad personal, valores, misi\u00f3n y visi\u00f3n de nuestra gente.<\/p>\n<\/div>\n\n\n\n<div class=\"wp-block-column is-layout-flow wp-block-column-is-layout-flow\" style=\"flex-basis:45%\">\n<figure class=\"wp-block-image size-full is-style-default sustainability-image mb-0\"><img loading=\"lazy\" decoding=\"async\" width=\"568\" height=\"463\" src=\"https:\/\/vaptech.bg\/wp-content\/uploads\/2025\/07\/mountain.png\" alt=\"\" class=\"wp-image-196\" srcset=\"https:\/\/vaptech.bg\/wp-content\/uploads\/2025\/07\/mountain.png 568w, https:\/\/vaptech.bg\/wp-content\/uploads\/2025\/07\/mountain-300x245.png 300w\" sizes=\"auto, (max-width: 568px) 100vw, 568px\" \/><\/figure>\n<\/div>\n<\/div>\n\n\n\n<div class=\"wp-block-columns section-left-offset no-gap mb-lg is-layout-flex wp-container-core-columns-is-layout-9d6595d7 wp-block-columns-is-layout-flex\">\n<div class=\"wp-block-column is-layout-flow wp-block-column-is-layout-flow\" style=\"flex-basis:55%\">\n<div class=\"wp-block-group sustainability-section\"><div class=\"wp-block-group__inner-container is-layout-constrained wp-block-group-is-layout-constrained\">\n<p class=\"mt-0 mb-0\" style=\"font-size:18px\"><mark style=\"background-color:rgba(0, 0, 0, 0);color:#3365c8\" class=\"has-inline-color\">VAPTECH<\/mark> se esfuerza constantemente por preservar el medio ambiente y proteger el Planeta. Compartiendo este objetivo com\u00fan, <mark style=\"background-color:rgba(0, 0, 0, 0);color:#3365c8\" class=\"has-inline-color\">TOYOTA Y VAPTECH<\/mark> iniciaron una cooperaci\u00f3n a largo plazo con un lema com\u00fan;&nbsp;<mark style=\"background-color:rgba(0, 0, 0, 0);color:#3365c8\" class=\"has-inline-color\">\"Un futuro limpio hoy\"<\/mark>, que se muestra en los veh\u00edculos h\u00edbridos TOYOTA que <mark style=\"background-color:rgba(0, 0, 0, 0);color:#3365c8\" class=\"has-inline-color\">VAPTECH<\/mark> utiliza para sus operaciones.<\/p>\n\n\n\n<figure class=\"wp-block-image size-large\"><img loading=\"lazy\" decoding=\"async\" width=\"64\" height=\"64\" src=\"https:\/\/vaptech.bg\/wp-content\/uploads\/2025\/07\/leaf-icon.svg\" alt=\"\" class=\"wp-image-244\"\/><\/figure>\n<\/div><\/div>\n<\/div>\n\n\n\n<div class=\"wp-block-column is-layout-flow wp-block-column-is-layout-flow\" style=\"flex-basis:45%\"><\/div>\n<\/div>\n\n\n\n<figure class=\"wp-block-image alignwide size-large\"><img loading=\"lazy\" decoding=\"async\" width=\"1024\" height=\"223\" src=\"https:\/\/vaptech.bg\/wp-content\/uploads\/2025\/07\/Vaptech_Toyota_Group-1-1024x223.png\" alt=\"\" class=\"wp-image-239\" srcset=\"https:\/\/vaptech.bg\/wp-content\/uploads\/2025\/07\/Vaptech_Toyota_Group-1-1024x223.png 1024w, https:\/\/vaptech.bg\/wp-content\/uploads\/2025\/07\/Vaptech_Toyota_Group-1-300x65.png 300w, https:\/\/vaptech.bg\/wp-content\/uploads\/2025\/07\/Vaptech_Toyota_Group-1-768x168.png 768w, https:\/\/vaptech.bg\/wp-content\/uploads\/2025\/07\/Vaptech_Toyota_Group-1-1536x335.png 1536w, https:\/\/vaptech.bg\/wp-content\/uploads\/2025\/07\/Vaptech_Toyota_Group-1-2048x447.png 2048w\" sizes=\"auto, (max-width: 1024px) 100vw, 1024px\" \/><\/figure>","protected":false},"excerpt":{"rendered":"<p>Make What The Planet Needs VAPTECH shall do its utmost to further develop and innovate its portfolio of products and services, as well as, to create new ones in order to contribute to a sustainable and healthy planet. VAPTECH firmly believes that for a company to be successful and sustainable, economical gain should not be [&hellip;]<\/p>","protected":false},"author":1,"featured_media":0,"parent":0,"menu_order":0,"comment_status":"closed","ping_status":"closed","template":"","meta":{"_acf_changed":false,"inline_featured_image":false,"footnotes":""},"class_list":["post-42","page","type-page","status-publish","hentry"],"acf":[],"yoast_head":"<!-- This site is optimized with the Yoast SEO plugin v25.8 - https:\/\/yoast.com\/wordpress\/plugins\/seo\/ -->\n<title>Sustainability - Vaptech<\/title>\n<meta name=\"robots\" content=\"index, follow, max-snippet:-1, max-image-preview:large, max-video-preview:-1\" \/>\n<link rel=\"canonical\" href=\"https:\/\/vaptech.blueberry.bg\/sustainability\/\" \/>\n<meta property=\"og:locale\" content=\"es_ES\" \/>\n<meta property=\"og:type\" content=\"article\" \/>\n<meta property=\"og:title\" content=\"Sustainability - Vaptech\" \/>\n<meta property=\"og:description\" content=\"Make What The Planet Needs VAPTECH shall do its utmost to further develop and innovate its portfolio of products and services, as well as, to create new ones in order to contribute to a sustainable and healthy planet. VAPTECH firmly believes that for a company to be successful and sustainable, economical gain should not be [&hellip;]\" \/>\n<meta property=\"og:url\" content=\"https:\/\/vaptech.blueberry.bg\/sustainability\/\" \/>\n<meta property=\"og:site_name\" content=\"Vaptech\" \/>\n<meta property=\"article:modified_time\" content=\"2025-07-29T14:41:38+00:00\" \/>\n<meta property=\"og:image\" content=\"http:\/\/vaptech.blueberry.bg\/wp-content\/uploads\/2025\/07\/mountain.png\" \/>\n<meta name=\"twitter:card\" content=\"summary_large_image\" \/>\n<meta name=\"twitter:label1\" content=\"Est. reading time\" \/>\n\t<meta name=\"twitter:data1\" content=\"1 minute\" \/>\n<script type=\"application\/ld+json\" class=\"yoast-schema-graph\">{\"@context\":\"https:\/\/schema.org\",\"@graph\":[{\"@type\":\"WebPage\",\"@id\":\"https:\/\/vaptech.blueberry.bg\/sustainability\/\",\"url\":\"https:\/\/vaptech.blueberry.bg\/sustainability\/\",\"name\":\"Sustainability - Vaptech\",\"isPartOf\":{\"@id\":\"https:\/\/vaptech.bg\/#website\"},\"primaryImageOfPage\":{\"@id\":\"https:\/\/vaptech.blueberry.bg\/sustainability\/#primaryimage\"},\"image\":{\"@id\":\"https:\/\/vaptech.blueberry.bg\/sustainability\/#primaryimage\"},\"thumbnailUrl\":\"https:\/\/vaptech.bg\/wp-content\/uploads\/2025\/07\/mountain.png\",\"datePublished\":\"2025-07-07T13:37:30+00:00\",\"dateModified\":\"2025-07-29T14:41:38+00:00\",\"breadcrumb\":{\"@id\":\"https:\/\/vaptech.blueberry.bg\/sustainability\/#breadcrumb\"},\"inLanguage\":\"es-ES\",\"potentialAction\":[{\"@type\":\"ReadAction\",\"target\":[\"https:\/\/vaptech.blueberry.bg\/sustainability\/\"]}]},{\"@type\":\"ImageObject\",\"inLanguage\":\"es-ES\",\"@id\":\"https:\/\/vaptech.blueberry.bg\/sustainability\/#primaryimage\",\"url\":\"https:\/\/vaptech.bg\/wp-content\/uploads\/2025\/07\/mountain.png\",\"contentUrl\":\"https:\/\/vaptech.bg\/wp-content\/uploads\/2025\/07\/mountain.png\"},{\"@type\":\"BreadcrumbList\",\"@id\":\"https:\/\/vaptech.blueberry.bg\/sustainability\/#breadcrumb\",\"itemListElement\":[{\"@type\":\"ListItem\",\"position\":1,\"name\":\"Home\",\"item\":\"https:\/\/vaptech.bg\/\"},{\"@type\":\"ListItem\",\"position\":2,\"name\":\"Sustainability\"}]},{\"@type\":\"WebSite\",\"@id\":\"https:\/\/vaptech.bg\/#website\",\"url\":\"https:\/\/vaptech.bg\/\",\"name\":\"Vaptech\",\"description\":\"VAPTECH is a manufacturer &amp; global supplier of highest quality innovative products, services &amp; solutions in the Hydropower, Metal Forming &amp; Biomass industries\",\"potentialAction\":[{\"@type\":\"SearchAction\",\"target\":{\"@type\":\"EntryPoint\",\"urlTemplate\":\"https:\/\/vaptech.bg\/?s={search_term_string}\"},\"query-input\":{\"@type\":\"PropertyValueSpecification\",\"valueRequired\":true,\"valueName\":\"search_term_string\"}}],\"inLanguage\":\"es-ES\"}]}<\/script>\n<!-- \/ Yoast SEO plugin. -->","yoast_head_json":{"title":"Sustainability - Vaptech","robots":{"index":"index","follow":"follow","max-snippet":"max-snippet:-1","max-image-preview":"max-image-preview:large","max-video-preview":"max-video-preview:-1"},"canonical":"https:\/\/vaptech.blueberry.bg\/sustainability\/","og_locale":"es_ES","og_type":"article","og_title":"Sustainability - Vaptech","og_description":"Make What The Planet Needs VAPTECH shall do its utmost to further develop and innovate its portfolio of products and services, as well as, to create new ones in order to contribute to a sustainable and healthy planet. VAPTECH firmly believes that for a company to be successful and sustainable, economical gain should not be [&hellip;]","og_url":"https:\/\/vaptech.blueberry.bg\/sustainability\/","og_site_name":"Vaptech","article_modified_time":"2025-07-29T14:41:38+00:00","og_image":[{"url":"http:\/\/vaptech.blueberry.bg\/wp-content\/uploads\/2025\/07\/mountain.png","type":"","width":"","height":""}],"twitter_card":"summary_large_image","twitter_misc":{"Est. reading time":"1 minute"},"schema":{"@context":"https:\/\/schema.org","@graph":[{"@type":"WebPage","@id":"https:\/\/vaptech.blueberry.bg\/sustainability\/","url":"https:\/\/vaptech.blueberry.bg\/sustainability\/","name":"Sustainability - Vaptech","isPartOf":{"@id":"https:\/\/vaptech.bg\/#website"},"primaryImageOfPage":{"@id":"https:\/\/vaptech.blueberry.bg\/sustainability\/#primaryimage"},"image":{"@id":"https:\/\/vaptech.blueberry.bg\/sustainability\/#primaryimage"},"thumbnailUrl":"https:\/\/vaptech.bg\/wp-content\/uploads\/2025\/07\/mountain.png","datePublished":"2025-07-07T13:37:30+00:00","dateModified":"2025-07-29T14:41:38+00:00","breadcrumb":{"@id":"https:\/\/vaptech.blueberry.bg\/sustainability\/#breadcrumb"},"inLanguage":"es-ES","potentialAction":[{"@type":"ReadAction","target":["https:\/\/vaptech.blueberry.bg\/sustainability\/"]}]},{"@type":"ImageObject","inLanguage":"es-ES","@id":"https:\/\/vaptech.blueberry.bg\/sustainability\/#primaryimage","url":"https:\/\/vaptech.bg\/wp-content\/uploads\/2025\/07\/mountain.png","contentUrl":"https:\/\/vaptech.bg\/wp-content\/uploads\/2025\/07\/mountain.png"},{"@type":"BreadcrumbList","@id":"https:\/\/vaptech.blueberry.bg\/sustainability\/#breadcrumb","itemListElement":[{"@type":"ListItem","position":1,"name":"Home","item":"https:\/\/vaptech.bg\/"},{"@type":"ListItem","position":2,"name":"Sustainability"}]},{"@type":"WebSite","@id":"https:\/\/vaptech.bg\/#website","url":"https:\/\/vaptech.bg\/","name":"Vaptech","description":"VAPTECH is a manufacturer &amp; global supplier of highest quality innovative products, services &amp; solutions in the Hydropower, Metal Forming &amp; Biomass industries","potentialAction":[{"@type":"SearchAction","target":{"@type":"EntryPoint","urlTemplate":"https:\/\/vaptech.bg\/?s={search_term_string}"},"query-input":{"@type":"PropertyValueSpecification","valueRequired":true,"valueName":"search_term_string"}}],"inLanguage":"es-ES"}]}},"_links":{"self":[{"href":"https:\/\/vaptech.bg\/es\/wp-json\/wp\/v2\/pages\/42","targetHints":{"allow":["GET"]}}],"collection":[{"href":"https:\/\/vaptech.bg\/es\/wp-json\/wp\/v2\/pages"}],"about":[{"href":"https:\/\/vaptech.bg\/es\/wp-json\/wp\/v2\/types\/page"}],"author":[{"embeddable":true,"href":"https:\/\/vaptech.bg\/es\/wp-json\/wp\/v2\/users\/1"}],"replies":[{"embeddable":true,"href":"https:\/\/vaptech.bg\/es\/wp-json\/wp\/v2\/comments?post=42"}],"version-history":[{"count":34,"href":"https:\/\/vaptech.bg\/es\/wp-json\/wp\/v2\/pages\/42\/revisions"}],"predecessor-version":[{"id":504,"href":"https:\/\/vaptech.bg\/es\/wp-json\/wp\/v2\/pages\/42\/revisions\/504"}],"wp:attachment":[{"href":"https:\/\/vaptech.bg\/es\/wp-json\/wp\/v2\/media?parent=42"}],"curies":[{"name":"wp","href":"https:\/\/api.w.org\/{rel}","templated":true}]}}